{"id":134,"date":"2016-09-18T15:21:29","date_gmt":"2016-09-18T19:21:29","guid":{"rendered":"http:\/\/www.gillesschetagne.com\/?page_id=134"},"modified":"2020-05-31T12:27:31","modified_gmt":"2020-05-31T16:27:31","slug":"acceuil","status":"publish","type":"page","link":"https:\/\/www.gillesschetagne.com\/?page_id=134","title":{"rendered":"Accueil"},"content":{"rendered":"<p><strong>Bienvenue sur mon site!<\/strong><\/p>\n<p><a href=\"https:\/\/www.gillesschetagne.com\/wp-content\/uploads\/2016\/09\/cornu.jpg\"><img loading=\"lazy\" decoding=\"async\" class=\"alignnone size-full wp-image-135\" src=\"https:\/\/www.gillesschetagne.com\/wp-content\/uploads\/2016\/09\/cornu.jpg\" alt=\"cornu\" width=\"200\" height=\"150\" srcset=\"https:\/\/www.gillesschetagne.com\/wp-content\/uploads\/2016\/09\/cornu.jpg 200w, https:\/\/www.gillesschetagne.com\/wp-content\/uploads\/2016\/09\/cornu-100x75.jpg 100w\" sizes=\"auto, (max-width: 200px) 100vw, 200px\" \/><\/a><\/p>\n<p>&nbsp;<\/p>\n<p>Je suis heureux de partager ma musique.\u00a0 Dans cette mer qu&#8217;est l&#8217;internet, j&#8217;esp\u00e8re seulement qu&#8217;elle saura trouver preneur.<\/p>\n<p>Je vous raconterai donc d&#8217;o\u00f9 je viens avec mon parcours dans le pass\u00e9 et o\u00f9 j&#8217;en suis rendu avec tout \u00e7a aujourd&#8217;hui.<\/p>\n<p>Attir\u00e9 par les tambours d\u00e8s mon plus jeune \u00e2ge, j&#8217;ai exp\u00e9riment\u00e9 la percussion avec plusieurs corps de tambours et clairons \u00e0\u00a0 travers la province de Qu\u00e9bec avant d&#8217;entreprendre\u00a0 des \u00e9tudes s\u00e9rieuses en musique, d&#8217;abord au conservatoire de musique \u00e0\u00a0Montr\u00e9al et puis \u00e0\u00a0 l&#8217;UQAM.<\/p>\n<p>J&#8217;ai accompagn\u00e9 en tant que batteur une cinquantaine d&#8217;artistes chanteurs et particip\u00e9 \u00e0 la fondation du groupe instrumental \u00ab MANEIGE \u00bb qui a dur\u00e9 plus de 14 ans.<\/p>\n<p>Je me suis ensuite tourn\u00e9 vers l&#8217;enseignement de la musique au primaire durant 22 ans tout en continuant d&#8217;explorer toutes sortes de musiques en tant que batteur, accompagnateur et compositeur.<\/p>\n<p>Je d\u00e9pose ici mes musiques d&#8217;hier et d&#8217;aujourd&#8217;hui dans la section &#8220;Achats&#8221;.\u00a0 Le tout est disponible en t\u00e9l\u00e9chargement seulement.\u00a0\u00a0\u00a0Si vous \u00e9prouvez quelconque difficult\u00e9 \u00e0 t\u00e9l\u00e9charger, veuillez m&#8217;en faire part afin que nous puissions nous ajuster.\u00a0 Je continue aussi d&#8217;offrir mes services en tant que batteur ou compositeur ou les deux\u00a0\u00e0 ceux qui en ont besoin.<\/p>\n<p>Il y a aussi une section &#8220;\u00c9crivez-moi&#8221; pour ceux qui auraient envie de jaser avec moi.\u00a0 J&#8217;aime bien \u00e7a.\u00a0 Il y a aussi l&#8217;ic\u00f4ne de <a href=\"https:\/\/www.facebook.com\/Gilles-Schetagne-Musik-amusement-2110195229207939\">Facebook<\/a>, en cliquant dessus, \u00e7a vous am\u00e8nera directement sur ma page sp\u00e9ciale pour la musique.\u00a0 En 2016, j&#8217;ai produit une trentaine de petites vid\u00e9os que vous trouverez en cliquant sur l&#8217;ic\u00f4ne de <a href=\"https:\/\/www.youtube.com\/channel\/UC-sF_vK5bZTjYo0xVprWblQ\">YouTube<\/a>.<\/p>\n","protected":false},"excerpt":{"rendered":"<p>Bienvenue sur mon site! &nbsp; Je suis heureux de partager ma musique.\u00a0 Dans cette mer qu&#8217;est l&#8217;internet, j&#8217;esp\u00e8re seulement qu&#8217;elle saura trouver preneur. Je vous raconterai donc d&#8217;o\u00f9 je viens avec mon parcours dans le pass\u00e9 et o\u00f9 j&#8217;en suis rendu avec tout \u00e7a aujourd&#8217;hui. Attir\u00e9 par les tambours d\u00e8s mon plus jeune \u00e2ge, j&#8217;ai [&hellip;]<\/p>\n","protected":false},"author":1,"featured_media":0,"parent":0,"menu_order":0,"comment_status":"closed","ping_status":"closed","template":"template-fullwidth.php","meta":{"slim_seo":{"title":"Accueil - Le site officiel de Gilles Schetagne","description":"Bienvenue sur mon site! &nbsp; Je suis heureux de partager ma musique.\u00a0 Dans cette mer qu'est l'internet, j'esp\u00e8re seulement qu'elle saura trouver preneur. Je v"},"footnotes":""},"class_list":["post-134","page","type-page","status-publish","hentry"],"_links":{"self":[{"href":"https:\/\/www.gillesschetagne.com\/index.php?rest_route=\/wp\/v2\/pages\/134","targetHints":{"allow":["GET"]}}],"collection":[{"href":"https:\/\/www.gillesschetagne.com\/index.php?rest_route=\/wp\/v2\/pages"}],"about":[{"href":"https:\/\/www.gillesschetagne.com\/index.php?rest_route=\/wp\/v2\/types\/page"}],"author":[{"embeddable":true,"href":"https:\/\/www.gillesschetagne.com\/index.php?rest_route=\/wp\/v2\/users\/1"}],"replies":[{"embeddable":true,"href":"https:\/\/www.gillesschetagne.com\/index.php?rest_route=%2Fwp%2Fv2%2Fcomments&post=134"}],"version-history":[{"count":22,"href":"https:\/\/www.gillesschetagne.com\/index.php?rest_route=\/wp\/v2\/pages\/134\/revisions"}],"predecessor-version":[{"id":821,"href":"https:\/\/www.gillesschetagne.com\/index.php?rest_route=\/wp\/v2\/pages\/134\/revisions\/821"}],"wp:attachment":[{"href":"https:\/\/www.gillesschetagne.com\/index.php?rest_route=%2Fwp%2Fv2%2Fmedia&parent=134"}],"curies":[{"name":"wp","href":"https:\/\/api.w.org\/{rel}","templated":true}]}}