{"id":197,"date":"2016-09-29T20:46:18","date_gmt":"2016-09-30T00:46:18","guid":{"rendered":"http:\/\/www.gillesschetagne.com\/?page_id=197"},"modified":"2020-05-31T12:30:10","modified_gmt":"2020-05-31T16:30:10","slug":"naissance","status":"publish","type":"page","link":"https:\/\/www.gillesschetagne.com\/?page_id=197","title":{"rendered":"Naissance"},"content":{"rendered":"<h3>Les premiers frissons&#8230;<\/h3>\n<p>&nbsp;<\/p>\n<p>La petite histoire d\u2019un enfant au tambour n\u00e9 le 10 mai 1951.<\/p>\n<p><a href=\"http:\/\/www.gillesschetagne.com\/wp-content\/uploads\/2016\/09\/gilles3ans.jpg\"><img loading=\"lazy\" decoding=\"async\" class=\"alignnone wp-image-244\" src=\"https:\/\/www.gillesschetagne.com\/wp-content\/uploads\/2016\/09\/gilles3ans.jpg\" alt=\"gilles3ans\" width=\"179\" height=\"239\" srcset=\"https:\/\/www.gillesschetagne.com\/wp-content\/uploads\/2016\/09\/gilles3ans.jpg 158w, https:\/\/www.gillesschetagne.com\/wp-content\/uploads\/2016\/09\/gilles3ans-100x134.jpg 100w\" sizes=\"auto, (max-width: 179px) 100vw, 179px\" \/><\/a><\/p>\n<p>Le tout commence autour de 1957 ou 58 lorsqu\u2019une fanfare passe dans la rue, en avant de la maison familiale des Schetagne \u00e0 Pointe-Claire.<br \/>\nUn jeune gar\u00e7on \u00e2g\u00e9 de 6 ou 7 ans regarde passer la fanfare et se sent hypnotis\u00e9 par la section des tambours.<br \/>\nIl ne fait que les suivre, toujours sans m\u00eame se rendre compte qu\u2019il s\u2019\u00e9loigne de sa maison . Ce n\u2019est que rendu \u00e0 la fin du d\u00e9fil\u00e9 qu\u2019il se rend compte qu\u2019il est totalement perdu.<br \/>\nIl se croit \u00eatre rendu dans un autre monde et, finalement quelqu\u2019un le reconna\u00eet et le ram\u00e8ne \u00e0 sa maison familiale\u2026<\/p>\n<p><a href=\"http:\/\/www.gillesschetagne.com\/wp-content\/uploads\/2016\/09\/jeune3.jpg\"><img loading=\"lazy\" decoding=\"async\" class=\"alignnone size-full wp-image-261\" src=\"https:\/\/www.gillesschetagne.com\/wp-content\/uploads\/2016\/09\/jeune3.jpg\" alt=\"jeune3\" width=\"200\" height=\"291\" srcset=\"https:\/\/www.gillesschetagne.com\/wp-content\/uploads\/2016\/09\/jeune3.jpg 200w, https:\/\/www.gillesschetagne.com\/wp-content\/uploads\/2016\/09\/jeune3-100x146.jpg 100w\" sizes=\"auto, (max-width: 200px) 100vw, 200px\" \/><\/a><\/p>\n<p>Ce n\u2019est qu\u2019en 1960, qu\u2019il reverra des tambours et que le coup de foudre reviendra retentir. Le corps de tambours et clairons de la paroisse St-Nazaire \u00e0 Ville Lasalle sera le premier groupe \u00e0 accueillir Gilles.<br \/>\nMais l\u2019exp\u00e9rience ne durera pas longtemps puisque Gilles est tr\u00e8s indisciplin\u00e9 en dehors des heures de pratique. Oui, vous l\u2019avez devin\u00e9, ce petit gar\u00e7on, c\u2019est moi : Gilles Schetagne.<\/p>\n<p><a href=\"http:\/\/www.gillesschetagne.com\/wp-content\/uploads\/2016\/09\/pasted-image-256x256.png\"><img loading=\"lazy\" decoding=\"async\" class=\"alignnone wp-image-311\" src=\"https:\/\/www.gillesschetagne.com\/wp-content\/uploads\/2016\/09\/pasted-image-256x256.png\" alt=\"pasted-image-256x256\" width=\"229\" height=\"326\" srcset=\"https:\/\/www.gillesschetagne.com\/wp-content\/uploads\/2016\/09\/pasted-image-256x256.png 158w, https:\/\/www.gillesschetagne.com\/wp-content\/uploads\/2016\/09\/pasted-image-256x256-100x142.png 100w\" sizes=\"auto, (max-width: 229px) 100vw, 229px\" \/><\/a><\/p>\n<p>Les pratiques avaient lieu au sous-sol de l\u2019\u00e9cole St-Nazaire. Un soir, o\u00f9 il devait y avoir une r\u00e9union de parents \u00e0 l\u2019\u00e9tage sup\u00e9rieur de l\u2019\u00e9cole, le sous-sol servait de vestiaire.<br \/>\nIl y avait des v\u00eatements et des bottes partout dans le local, et \u00e0 l\u2019heure du repos commen\u00e7a une grande partie de lance et attrape. Imaginez un peu une quarantaine d\u2019enfants qui s\u2019amusent \u00e0 lancer des bottes d\u2019un bord \u00e0 l\u2019autre du sous-sol.<br \/>\nCe f\u00fbt ma derni\u00e8re pratique. Je ne me souviens pas avoir fait une seule d\u00e9monstration en public avec ce groupe. Ce f\u00fbt une tr\u00e8s grande d\u00e9ception pour moi.<\/p>\n<p>Ce n\u2019est que rendu au secondaire, en 1963, qu\u2019une autre occasion se pr\u00e9senta pour taper sur un tambour. L\u2019harmonie de l\u2019\u00e9cole secondaire Lasalle dirig\u00e9e par feu Jacques-Laurendeau avait un corps de tambour affili\u00e9.<br \/>\nC\u2019\u00e9tait l\u2019occasion r\u00eav\u00e9e de reprendre les baguettes. Puis, un ami (Claude Joyal) qui me regardait pratiquer par la fen\u00eatre a dit \u00e0 son fr\u00e8re Andr\u00e9 Joyal que j\u2019avais un bon potentiel de (drummer).<\/p>\n<p>Celui-ci m\u2019invita \u00e0 joindre le corps de majorettes de Ste-Catherine Labour\u00e9e qui avait quelques musiciens pour les accompagner lors des d\u00e9fil\u00e9s. Mais ce n\u2019\u00e9tait pas assez, il me fallait une batterie \u00e0 moi.<br \/>\nGr\u00e2ce \u00e0 des \u00e9conomies r\u00e9alis\u00e9es \u00e0 faire la livraison de commandes d\u2019\u00e9picerie (\u00e0 bicyclette) et l\u2019aide d\u2019un m\u00e9c\u00e8ne (G\u00e9rald Ste-Marie) la premi\u00e8re batterie fut achet\u00e9e.<\/p>\n<p>C\u2019\u00e9tait une (Olympic). Je l\u2019ai vendu quelques ann\u00e9es plus tard \u00e0 Claude Joyal qui s\u2019en est servi pour se faire des petits bureaux.<br \/>\nH\u00e9 oui! J\u2019ai quand m\u00eame eu l\u2019occasion de faire mes premiers spectacles \u00e0 l\u2019\u00e9cole Cavelier Lasalle avec Jean-Claude Robillard \u00e0 l\u2019\u00e9poque tromboniste.<br \/>\nEn 1964, Andr\u00e9 Joyal me fit conna\u00eetre les Olympiques de Verdun et c\u2019est l\u00e0 que j\u2019y ai appris les rudiments standard am\u00e9ricains et suisses.<br \/>\nMes premiers instructeurs furent Carl Courteau, Rock DeSerres, Jacques Martin, Ren\u00e9 Rockbrune et Raymond Houde. J\u2019y suis rest\u00e9 jusqu\u2019en 1968.<\/p>\n<p><a href=\"http:\/\/www.gillesschetagne.com\/wp-content\/uploads\/2016\/09\/tamboursclairons.jpg\"><img loading=\"lazy\" decoding=\"async\" class=\"alignnone wp-image-304\" src=\"https:\/\/www.gillesschetagne.com\/wp-content\/uploads\/2016\/09\/tamboursclairons-300x248.jpg\" alt=\"tamboursclairons\" width=\"408\" height=\"337\" srcset=\"https:\/\/www.gillesschetagne.com\/wp-content\/uploads\/2016\/09\/tamboursclairons-300x248.jpg 300w, https:\/\/www.gillesschetagne.com\/wp-content\/uploads\/2016\/09\/tamboursclairons-400x330.jpg 400w, https:\/\/www.gillesschetagne.com\/wp-content\/uploads\/2016\/09\/tamboursclairons.jpg 402w\" sizes=\"auto, (max-width: 408px) 100vw, 408px\" \/><\/a><\/p>\n<p>Lorsque les Olympiques ont ferm\u00e9 les portes, je suis all\u00e9 rejoindre mon bon ami Hugues Dumas aux M\u00e9tropolitains de Montr\u00e9al pour quelques mois&#8230; Encore \u00e0 cause de mon indiscipline, j\u2019ai d\u00fb quitter avant la fin de la saison.<\/p>\n","protected":false},"excerpt":{"rendered":"<p>Les premiers frissons&#8230; &nbsp; La petite histoire d\u2019un enfant au tambour n\u00e9 le 10 mai 1951. Le tout commence autour de 1957 ou 58 lorsqu\u2019une fanfare passe dans la rue, en avant de la maison familiale des Schetagne \u00e0 Pointe-Claire. Un jeune gar\u00e7on \u00e2g\u00e9 de 6 ou 7 ans regarde passer la fanfare et se [&hellip;]<\/p>\n","protected":false},"author":1,"featured_media":0,"parent":0,"menu_order":0,"comment_status":"closed","ping_status":"closed","template":"template-fullwidth.php","meta":{"slim_seo":{"title":"Naissance - Le site officiel de Gilles Schetagne","description":"Les premiers frissons... &nbsp; La petite histoire d\u2019un enfant au tambour n\u00e9 le 10 mai 1951. Le tout commence autour de 1957 ou 58 lorsqu\u2019une fanfare passe dans"},"footnotes":""},"class_list":["post-197","page","type-page","status-publish","hentry"],"_links":{"self":[{"href":"https:\/\/www.gillesschetagne.com\/index.php?rest_route=\/wp\/v2\/pages\/197","targetHints":{"allow":["GET"]}}],"collection":[{"href":"https:\/\/www.gillesschetagne.com\/index.php?rest_route=\/wp\/v2\/pages"}],"about":[{"href":"https:\/\/www.gillesschetagne.com\/index.php?rest_route=\/wp\/v2\/types\/page"}],"author":[{"embeddable":true,"href":"https:\/\/www.gillesschetagne.com\/index.php?rest_route=\/wp\/v2\/users\/1"}],"replies":[{"embeddable":true,"href":"https:\/\/www.gillesschetagne.com\/index.php?rest_route=%2Fwp%2Fv2%2Fcomments&post=197"}],"version-history":[{"count":8,"href":"https:\/\/www.gillesschetagne.com\/index.php?rest_route=\/wp\/v2\/pages\/197\/revisions"}],"predecessor-version":[{"id":824,"href":"https:\/\/www.gillesschetagne.com\/index.php?rest_route=\/wp\/v2\/pages\/197\/revisions\/824"}],"wp:attachment":[{"href":"https:\/\/www.gillesschetagne.com\/index.php?rest_route=%2Fwp%2Fv2%2Fmedia&parent=197"}],"curies":[{"name":"wp","href":"https:\/\/api.w.org\/{rel}","templated":true}]}}