{"id":388,"date":"2016-10-02T15:22:00","date_gmt":"2016-10-02T19:22:00","guid":{"rendered":"http:\/\/www.gillesschetagne.com\/?page_id=388"},"modified":"2020-05-31T12:33:15","modified_gmt":"2020-05-31T16:33:15","slug":"pre-schetagne","status":"publish","type":"page","link":"https:\/\/www.gillesschetagne.com\/?page_id=388","title":{"rendered":"Pr\u00e9-Schetagne"},"content":{"rendered":"<p>&nbsp;<\/p>\n<p>Apr\u00e8s les derniers soubresauts de Maneige, je me suis lanc\u00e9 corps et \u00e2me dans l\u2019aventure du drum corps avec le groupe \u00ab Connexion Qu\u00e9bec\u00bb de Laval de 1984 \u00e0 1986.<br \/>\nJ\u2019avais r\u00e9ussi \u00e0 pr\u00e9senter la drumline \u00e0 la salle Claude-Champagne lors d\u2019un gala du PAS.<\/p>\n<p><a href=\"http:\/\/www.gillesschetagne.com\/wp-content\/uploads\/2016\/09\/connexionclaudechampagne.jpg\"><img loading=\"lazy\" decoding=\"async\" class=\"aligncenter wp-image-231 size-full\" src=\"https:\/\/www.gillesschetagne.com\/wp-content\/uploads\/2016\/09\/connexionclaudechampagne-e1475436499230.jpg\" alt=\"connexionclaudechampagne\" width=\"671\" height=\"431\" srcset=\"https:\/\/www.gillesschetagne.com\/wp-content\/uploads\/2016\/09\/connexionclaudechampagne-e1475436499230.jpg 671w, https:\/\/www.gillesschetagne.com\/wp-content\/uploads\/2016\/09\/connexionclaudechampagne-e1475436499230-400x257.jpg 400w, https:\/\/www.gillesschetagne.com\/wp-content\/uploads\/2016\/09\/connexionclaudechampagne-e1475436499230-600x385.jpg 600w, https:\/\/www.gillesschetagne.com\/wp-content\/uploads\/2016\/09\/connexionclaudechampagne-e1475436499230-300x193.jpg 300w\" sizes=\"auto, (max-width: 671px) 100vw, 671px\" \/><\/a><a href=\"http:\/\/www.gillesschetagne.com\/wp-content\/uploads\/2016\/09\/pas822.jpg\"><img loading=\"lazy\" decoding=\"async\" class=\"size-full wp-image-288 aligncenter\" src=\"https:\/\/www.gillesschetagne.com\/wp-content\/uploads\/2016\/09\/pas822.jpg\" alt=\"pas822\" width=\"326\" height=\"535\" srcset=\"https:\/\/www.gillesschetagne.com\/wp-content\/uploads\/2016\/09\/pas822.jpg 326w, https:\/\/www.gillesschetagne.com\/wp-content\/uploads\/2016\/09\/pas822-100x164.jpg 100w, https:\/\/www.gillesschetagne.com\/wp-content\/uploads\/2016\/09\/pas822-183x300.jpg 183w\" sizes=\"auto, (max-width: 326px) 100vw, 326px\" \/><\/a><\/p>\n<p>En 1985 Connexion Qu\u00e9bec avait r\u00e9ussi \u00e0 se tailler une place parmi les 25 meilleures formation au DCI. \u00c0 l\u2019\u00e9poque, c\u2019\u00e9tait tout un exploit.<\/p>\n<p><a href=\"http:\/\/www.gillesschetagne.com\/wp-content\/uploads\/2016\/09\/connexionterrain.jpg\"><img loading=\"lazy\" decoding=\"async\" class=\"size-full wp-image-232 aligncenter\" src=\"https:\/\/www.gillesschetagne.com\/wp-content\/uploads\/2016\/09\/connexionterrain.jpg\" alt=\"connexionterrain\" width=\"495\" height=\"387\" srcset=\"https:\/\/www.gillesschetagne.com\/wp-content\/uploads\/2016\/09\/connexionterrain.jpg 495w, https:\/\/www.gillesschetagne.com\/wp-content\/uploads\/2016\/09\/connexionterrain-400x313.jpg 400w, https:\/\/www.gillesschetagne.com\/wp-content\/uploads\/2016\/09\/connexionterrain-300x235.jpg 300w\" sizes=\"auto, (max-width: 495px) 100vw, 495px\" \/><\/a><\/p>\n<p>&nbsp;<\/p>\n<p>Disons qu\u2019au d\u00e9but des ann\u00e9es 80 jusqu\u2019en 1985 parall\u00e8lement \u00e0 mon aventure avec Maneige, j\u2019ai eu souvent l\u2019occasion de travailler avec beaucoup d\u2019artistes qu\u00e9b\u00e9cois en les accompagnant \u00e0 la batterie comme : Fran\u00e7ois Guy, Ren\u00e9e Martel, Michel Rivard, J\u00e9r\u00f4me Langlois (lui-m\u00eame un ex Maneige) qui m\u2019engageait souvent pour colorer ses cr\u00e9ations, R\u00e9gis Simard, Benny Barbara, Paul Beauregard, R\u00e9gis B\u00e9langer, Jean-Pierre Fr\u00e9chette, David Scott, Sylvie Jasmin, Michel Brouillette, Wharren Stolow, Michel Dulac. C\u2019\u00e9tait assez vari\u00e9 comme \u00e9ventail musical.<br \/>\nJ\u2019ai aussi exp\u00e9riment\u00e9 la musique de danse populaire et folklorique en travaillant au Vieux Munich avec des orchestres plut\u00f4t constitu\u00e9s de musiciens europ\u00e9ens comme Hubert Renfert, Tony Perko, Carl Binoveck. J\u2019ai aussi souvent travaill\u00e9 au Club H\u00e9lios qui se sp\u00e9cialisait dans la danse sociale.<\/p>\n<p><a href=\"http:\/\/www.gillesschetagne.com\/wp-content\/uploads\/2016\/09\/journal.jpg\"><img loading=\"lazy\" decoding=\"async\" class=\"aligncenter wp-image-265 size-full\" src=\"https:\/\/www.gillesschetagne.com\/wp-content\/uploads\/2016\/09\/journal-e1475436758390.jpg\" alt=\"journal\" width=\"511\" height=\"1176\" srcset=\"https:\/\/www.gillesschetagne.com\/wp-content\/uploads\/2016\/09\/journal-e1475436758390.jpg 511w, https:\/\/www.gillesschetagne.com\/wp-content\/uploads\/2016\/09\/journal-e1475436758390-400x921.jpg 400w, https:\/\/www.gillesschetagne.com\/wp-content\/uploads\/2016\/09\/journal-e1475436758390-130x300.jpg 130w, https:\/\/www.gillesschetagne.com\/wp-content\/uploads\/2016\/09\/journal-e1475436758390-445x1024.jpg 445w\" sizes=\"auto, (max-width: 511px) 100vw, 511px\" \/><\/a>:<\/p>\n<p>C\u2019\u00e9tait aussi le d\u00e9but d\u2019une nouvelle aventure musicale en dehors de Maneige, donc, le d\u00e9but d\u2019une carri\u00e8re solo avec Percussion Montr\u00e9al 85 \u00e0 L\u2019UQAM.<br \/>\nJ\u2019ai beaucoup travaill\u00e9 avec mon ami Luc Sicard pour monter ce projet.<\/p>\n<p><a href=\"http:\/\/www.gillesschetagne.com\/wp-content\/uploads\/2016\/09\/perc85.jpg\"><img loading=\"lazy\" decoding=\"async\" class=\"size-full wp-image-290 aligncenter\" src=\"https:\/\/www.gillesschetagne.com\/wp-content\/uploads\/2016\/09\/perc85.jpg\" alt=\"perc85\" width=\"387\" height=\"577\" srcset=\"https:\/\/www.gillesschetagne.com\/wp-content\/uploads\/2016\/09\/perc85.jpg 387w, https:\/\/www.gillesschetagne.com\/wp-content\/uploads\/2016\/09\/perc85-100x149.jpg 100w, https:\/\/www.gillesschetagne.com\/wp-content\/uploads\/2016\/09\/perc85-201x300.jpg 201w\" sizes=\"auto, (max-width: 387px) 100vw, 387px\" \/><\/a><\/p>\n<p>En 1986, on me confie le soin de monter un band pour le Festival International du Mime de Montr\u00e9al, &#8220;Le Band Qui Fait Du Bruit&#8221;, encore avec l\u2019\u00e9troite collaboration de mon ami Luc Sicard. C\u2019est aussi \u00e0 cette occasion que j\u2019aurai la grande joie de conna\u00eetre Alain Labrosse aux percussions.<br \/>\nEn 1987 travaillant avec le big band de Pierre Millette \u00e0 Sorel, je fais la rencontre du bassiste Fred Farago.<\/p>\n<p><a href=\"http:\/\/www.gillesschetagne.com\/wp-content\/uploads\/2016\/09\/fimm2.jpg\"><img loading=\"lazy\" decoding=\"async\" class=\"size-full wp-image-238 aligncenter\" src=\"https:\/\/www.gillesschetagne.com\/wp-content\/uploads\/2016\/09\/fimm2.jpg\" alt=\"fimm2\" width=\"414\" height=\"651\" srcset=\"https:\/\/www.gillesschetagne.com\/wp-content\/uploads\/2016\/09\/fimm2.jpg 414w, https:\/\/www.gillesschetagne.com\/wp-content\/uploads\/2016\/09\/fimm2-400x629.jpg 400w, https:\/\/www.gillesschetagne.com\/wp-content\/uploads\/2016\/09\/fimm2-191x300.jpg 191w\" sizes=\"auto, (max-width: 414px) 100vw, 414px\" \/><\/a><\/p>\n","protected":false},"excerpt":{"rendered":"<p>&nbsp; Apr\u00e8s les derniers soubresauts de Maneige, je me suis lanc\u00e9 corps et \u00e2me dans l\u2019aventure du drum corps avec le groupe \u00ab Connexion Qu\u00e9bec\u00bb de Laval de 1984 \u00e0 1986. J\u2019avais r\u00e9ussi \u00e0 pr\u00e9senter la drumline \u00e0 la salle Claude-Champagne lors d\u2019un gala du PAS. En 1985 Connexion Qu\u00e9bec avait r\u00e9ussi \u00e0 se tailler [&hellip;]<\/p>\n","protected":false},"author":1,"featured_media":0,"parent":0,"menu_order":0,"comment_status":"closed","ping_status":"closed","template":"template-fullwidth.php","meta":{"slim_seo":{"title":"Pr\u00e9-Schetagne - Le site officiel de Gilles Schetagne","description":"&nbsp; Apr\u00e8s les derniers soubresauts de Maneige, je me suis lanc\u00e9 corps et \u00e2me dans l\u2019aventure du drum corps avec le groupe \u00ab Connexion Qu\u00e9bec\u00bb de Laval de 198"},"footnotes":""},"class_list":["post-388","page","type-page","status-publish","hentry"],"_links":{"self":[{"href":"https:\/\/www.gillesschetagne.com\/index.php?rest_route=\/wp\/v2\/pages\/388","targetHints":{"allow":["GET"]}}],"collection":[{"href":"https:\/\/www.gillesschetagne.com\/index.php?rest_route=\/wp\/v2\/pages"}],"about":[{"href":"https:\/\/www.gillesschetagne.com\/index.php?rest_route=\/wp\/v2\/types\/page"}],"author":[{"embeddable":true,"href":"https:\/\/www.gillesschetagne.com\/index.php?rest_route=\/wp\/v2\/users\/1"}],"replies":[{"embeddable":true,"href":"https:\/\/www.gillesschetagne.com\/index.php?rest_route=%2Fwp%2Fv2%2Fcomments&post=388"}],"version-history":[{"count":9,"href":"https:\/\/www.gillesschetagne.com\/index.php?rest_route=\/wp\/v2\/pages\/388\/revisions"}],"predecessor-version":[{"id":828,"href":"https:\/\/www.gillesschetagne.com\/index.php?rest_route=\/wp\/v2\/pages\/388\/revisions\/828"}],"wp:attachment":[{"href":"https:\/\/www.gillesschetagne.com\/index.php?rest_route=%2Fwp%2Fv2%2Fmedia&parent=388"}],"curies":[{"name":"wp","href":"https:\/\/api.w.org\/{rel}","templated":true}]}}