{"id":421,"date":"2016-10-04T20:59:40","date_gmt":"2016-10-05T00:59:40","guid":{"rendered":"http:\/\/www.gillesschetagne.com\/?page_id=421"},"modified":"2020-05-31T12:35:12","modified_gmt":"2020-05-31T16:35:12","slug":"enseignement","status":"publish","type":"page","link":"https:\/\/www.gillesschetagne.com\/?page_id=421","title":{"rendered":"Enseignement"},"content":{"rendered":"<p>&nbsp;<\/p>\n<div class=\"toutte\">\n<div class=\"ens\">\n<div class=\"ens1\">1969<\/div>\n<div class=\"ens2\">Les Canadiennes de Montr\u00e9al<\/div>\n<\/div>\n<div class=\"ens\">\n<div class=\"ens1\">1974-75<\/div>\n<div class=\"ens2\">Les \u00c9clipses de Lafl\u00e8che<\/div>\n<\/div>\n<div class=\"ens\">\n<div class=\"ens1\">1977-78<\/div>\n<div class=\"ens2\">Les \u00c9toiles de Dorion\/Vaudreuil<\/div>\n<\/div>\n<div class=\"ens\">\n<div class=\"ens1\">1979<\/div>\n<div class=\"ens2\">Les Troubadours de Victoriaville<\/div>\n<\/div>\n<div class=\"ens\">\n<div class=\"ens1\">1980<\/div>\n<div class=\"ens2\">La F\u00e9d\u00e9ration des associations musicales du Qu\u00e9bec<\/div>\n<\/div>\n<div class=\"ens\">\n<div class=\"ens1\">1980 \u00e0 82<\/div>\n<div class=\"ens2\">Les \u00c9toiles de Dorion\/Vaudreuil<\/div>\n<\/div>\n<div class=\"ens\">\n<div class=\"ens1\">1984 \u00e0 86<\/div>\n<div class=\"ens2\">Connexion Qu\u00e9bec de Laval<\/div>\n<\/div>\n<div class=\"ens\">\n<div class=\"ens1\">1989 \u00e0 2011<\/div>\n<div class=\"ens2\">Enseignement de la musique \u00e0 l\u2019\u00e9cole primaire pour des enfants de 5 \u00e0 12 ans<\/div>\n<\/div>\n<\/div>\n<p>&nbsp;<\/p>\n<p style=\"text-align: center;\"><a href=\"http:\/\/www.gillesschetagne.com\/wp-content\/uploads\/2016\/09\/methode.jpg\"><img loading=\"lazy\" decoding=\"async\" class=\"size-full wp-image-283 aligncenter\" src=\"https:\/\/www.gillesschetagne.com\/wp-content\/uploads\/2016\/09\/methode.jpg\" alt=\"methode\" width=\"264\" height=\"441\" srcset=\"https:\/\/www.gillesschetagne.com\/wp-content\/uploads\/2016\/09\/methode.jpg 264w, https:\/\/www.gillesschetagne.com\/wp-content\/uploads\/2016\/09\/methode-100x167.jpg 100w, https:\/\/www.gillesschetagne.com\/wp-content\/uploads\/2016\/09\/methode-180x300.jpg 180w\" sizes=\"auto, (max-width: 264px) 100vw, 264px\" \/><\/a>Cette m\u00e9thode \u00e9tait une commande faite par la FAMQ.\u00a0 Elle est parue en 1983.<\/p>\n<p>&nbsp;<\/p>\n<p style=\"text-align: center;\"><a href=\"http:\/\/www.gillesschetagne.com\/wp-content\/uploads\/2016\/09\/snare-de-dorion-82.jpg\"><img loading=\"lazy\" decoding=\"async\" class=\"size-full wp-image-300 aligncenter\" src=\"https:\/\/www.gillesschetagne.com\/wp-content\/uploads\/2016\/09\/snare-de-dorion-82.jpg\" alt=\"snare-de-dorion-82\" width=\"618\" height=\"348\" srcset=\"https:\/\/www.gillesschetagne.com\/wp-content\/uploads\/2016\/09\/snare-de-dorion-82.jpg 618w, https:\/\/www.gillesschetagne.com\/wp-content\/uploads\/2016\/09\/snare-de-dorion-82-400x225.jpg 400w, https:\/\/www.gillesschetagne.com\/wp-content\/uploads\/2016\/09\/snare-de-dorion-82-600x338.jpg 600w, https:\/\/www.gillesschetagne.com\/wp-content\/uploads\/2016\/09\/snare-de-dorion-82-300x169.jpg 300w\" sizes=\"auto, (max-width: 618px) 100vw, 618px\" \/><\/a>La ligne de snare des \u00c9toiles de Dorion en 1982.<\/p>\n<p>&nbsp;<\/p>\n<p style=\"text-align: center;\"><a href=\"http:\/\/www.gillesschetagne.com\/wp-content\/uploads\/2016\/09\/parade.jpg\"><img loading=\"lazy\" decoding=\"async\" class=\"size-full wp-image-287 aligncenter\" src=\"https:\/\/www.gillesschetagne.com\/wp-content\/uploads\/2016\/09\/parade.jpg\" alt=\"parade\" width=\"511\" height=\"352\" srcset=\"https:\/\/www.gillesschetagne.com\/wp-content\/uploads\/2016\/09\/parade.jpg 511w, https:\/\/www.gillesschetagne.com\/wp-content\/uploads\/2016\/09\/parade-400x276.jpg 400w, https:\/\/www.gillesschetagne.com\/wp-content\/uploads\/2016\/09\/parade-300x207.jpg 300w\" sizes=\"auto, (max-width: 511px) 100vw, 511px\" \/><\/a><\/p>\n<p style=\"text-align: center;\"><a href=\"http:\/\/www.gillesschetagne.com\/wp-content\/uploads\/2016\/09\/rarade2.jpg\"><img loading=\"lazy\" decoding=\"async\" class=\"size-full wp-image-293 aligncenter\" src=\"https:\/\/www.gillesschetagne.com\/wp-content\/uploads\/2016\/09\/rarade2.jpg\" alt=\"rarade2\" width=\"600\" height=\"419\" srcset=\"https:\/\/www.gillesschetagne.com\/wp-content\/uploads\/2016\/09\/rarade2.jpg 600w, https:\/\/www.gillesschetagne.com\/wp-content\/uploads\/2016\/09\/rarade2-400x279.jpg 400w, https:\/\/www.gillesschetagne.com\/wp-content\/uploads\/2016\/09\/rarade2-300x210.jpg 300w\" sizes=\"auto, (max-width: 600px) 100vw, 600px\" \/><\/a>\u00c0 l\u2019\u00e9cole, j\u2019\u00e9tais tr\u00e8s actif en plus d\u2019enseigner la musique \u00e0 tous les \u00e9l\u00e8ves, je montais des petits ensembles qui participaient pour toutes sortes d\u2019occasions.<\/p>\n<p style=\"text-align: center;\">Ici, c\u2019\u00e9tait une parade dans l\u2019\u00e9cole \u00e0 l\u2019Halloween.<\/p>\n<p>&nbsp;<\/p>\n<p style=\"text-align: center;\"><a href=\"http:\/\/www.gillesschetagne.com\/wp-content\/uploads\/2016\/09\/2014-03-02.jpg\"><img loading=\"lazy\" decoding=\"async\" class=\"size-full wp-image-219 aligncenter\" src=\"https:\/\/www.gillesschetagne.com\/wp-content\/uploads\/2016\/09\/2014-03-02.jpg\" alt=\"2014-03-02\" width=\"889\" height=\"907\" srcset=\"https:\/\/www.gillesschetagne.com\/wp-content\/uploads\/2016\/09\/2014-03-02.jpg 889w, https:\/\/www.gillesschetagne.com\/wp-content\/uploads\/2016\/09\/2014-03-02-400x408.jpg 400w, https:\/\/www.gillesschetagne.com\/wp-content\/uploads\/2016\/09\/2014-03-02-800x816.jpg 800w, https:\/\/www.gillesschetagne.com\/wp-content\/uploads\/2016\/09\/2014-03-02-294x300.jpg 294w, https:\/\/www.gillesschetagne.com\/wp-content\/uploads\/2016\/09\/2014-03-02-768x784.jpg 768w\" sizes=\"auto, (max-width: 889px) 100vw, 889px\" \/><\/a>Parade organis\u00e9 pour amasser de l&#8217;argent pour les enfants pauvres au Br\u00e9sil; nous nous sommes promen\u00e9s dans les rues de Kirkland en cette occasion.<\/p>\n<p>&nbsp;<\/p>\n<p style=\"text-align: center;\"><a href=\"http:\/\/www.gillesschetagne.com\/wp-content\/uploads\/2016\/09\/orchestre2.jpg\"><img loading=\"lazy\" decoding=\"async\" class=\"size-full wp-image-286 aligncenter\" src=\"https:\/\/www.gillesschetagne.com\/wp-content\/uploads\/2016\/09\/orchestre2.jpg\" alt=\"orchestre2\" width=\"617\" height=\"463\" srcset=\"https:\/\/www.gillesschetagne.com\/wp-content\/uploads\/2016\/09\/orchestre2.jpg 617w, https:\/\/www.gillesschetagne.com\/wp-content\/uploads\/2016\/09\/orchestre2-400x300.jpg 400w, https:\/\/www.gillesschetagne.com\/wp-content\/uploads\/2016\/09\/orchestre2-600x450.jpg 600w, https:\/\/www.gillesschetagne.com\/wp-content\/uploads\/2016\/09\/orchestre2-300x225.jpg 300w\" sizes=\"auto, (max-width: 617px) 100vw, 617px\" \/><\/a>\u00c0 tous les ans, il y avait un petit orchestre qui souvent accompagnait une chorale ou faisait la musique d\u2019ambiance pour une pi\u00e8ce de th\u00e9\u00e2tre.<\/p>\n<p style=\"text-align: center;\"><a href=\"http:\/\/www.gillesschetagne.com\/wp-content\/uploads\/2016\/09\/orchestre-2003-2004.jpg\"><img loading=\"lazy\" decoding=\"async\" class=\"size-full wp-image-285 aligncenter\" src=\"https:\/\/www.gillesschetagne.com\/wp-content\/uploads\/2016\/09\/orchestre-2003-2004.jpg\" alt=\"orchestre-2003-2004\" width=\"620\" height=\"465\" srcset=\"https:\/\/www.gillesschetagne.com\/wp-content\/uploads\/2016\/09\/orchestre-2003-2004.jpg 620w, https:\/\/www.gillesschetagne.com\/wp-content\/uploads\/2016\/09\/orchestre-2003-2004-400x300.jpg 400w, https:\/\/www.gillesschetagne.com\/wp-content\/uploads\/2016\/09\/orchestre-2003-2004-600x450.jpg 600w, https:\/\/www.gillesschetagne.com\/wp-content\/uploads\/2016\/09\/orchestre-2003-2004-300x225.jpg 300w\" sizes=\"auto, (max-width: 620px) 100vw, 620px\" \/><\/a>D\u2019autres ensembles \u00e9taient cr\u00e9\u00e9s pour accompagner \u00ab Les \u00c9toiles de la chanson francophone \u00bb de l\u2019\u00e9cole.<\/p>\n<p>&nbsp;<\/p>\n<p style=\"text-align: center;\">J\u2019ai aussi cr\u00e9\u00e9 deux ensembles de percussions qui ont rayonn\u00e9 un peu en dehors de l\u2019\u00e9cole:<\/p>\n<p style=\"text-align: center;\"><a href=\"http:\/\/www.gillesschetagne.com\/wp-content\/uploads\/2016\/09\/futurama.jpg\"><img loading=\"lazy\" decoding=\"async\" class=\" wp-image-240 aligncenter\" src=\"https:\/\/www.gillesschetagne.com\/wp-content\/uploads\/2016\/09\/futurama.jpg\" alt=\"futurama\" width=\"656\" height=\"492\" srcset=\"https:\/\/www.gillesschetagne.com\/wp-content\/uploads\/2016\/09\/futurama.jpg 561w, https:\/\/www.gillesschetagne.com\/wp-content\/uploads\/2016\/09\/futurama-400x300.jpg 400w, https:\/\/www.gillesschetagne.com\/wp-content\/uploads\/2016\/09\/futurama-300x225.jpg 300w\" sizes=\"auto, (max-width: 656px) 100vw, 656px\" \/><\/a>Futurama qui n\u2019a dur\u00e9 qu\u2019une seule ann\u00e9e en 2010&#8230;&#8230;.. Et&#8230;.<\/p>\n<p style=\"text-align: center;\">Techtonica qui a \u00e9volu\u00e9 durant mes deux derni\u00e8res ann\u00e9es d\u2019enseignement soit :<\/p>\n<p style=\"text-align: center;\">2010<\/p>\n<p style=\"text-align: center;\"><a href=\"http:\/\/www.gillesschetagne.com\/wp-content\/uploads\/2016\/09\/techtonica2010.jpg\"><img loading=\"lazy\" decoding=\"async\" class=\" wp-image-305 aligncenter\" src=\"https:\/\/www.gillesschetagne.com\/wp-content\/uploads\/2016\/09\/techtonica2010.jpg\" alt=\"techtonica2010\" width=\"660\" height=\"495\" srcset=\"https:\/\/www.gillesschetagne.com\/wp-content\/uploads\/2016\/09\/techtonica2010.jpg 577w, https:\/\/www.gillesschetagne.com\/wp-content\/uploads\/2016\/09\/techtonica2010-400x300.jpg 400w, https:\/\/www.gillesschetagne.com\/wp-content\/uploads\/2016\/09\/techtonica2010-300x225.jpg 300w\" sizes=\"auto, (max-width: 660px) 100vw, 660px\" \/><\/a><\/p>\n<p style=\"text-align: center;\">Et 2011<\/p>\n<p style=\"text-align: left;\"><a href=\"http:\/\/www.gillesschetagne.com\/wp-content\/uploads\/2016\/09\/15e\u0301pe\u0301es.jpg\"><img loading=\"lazy\" decoding=\"async\" class=\"size-full wp-image-212 aligncenter\" src=\"https:\/\/www.gillesschetagne.com\/wp-content\/uploads\/2016\/09\/15e\u0301pe\u0301es.jpg\" alt=\"15epees\" width=\"488\" height=\"366\" srcset=\"https:\/\/www.gillesschetagne.com\/wp-content\/uploads\/2016\/09\/15e\u0301pe\u0301es.jpg 488w, https:\/\/www.gillesschetagne.com\/wp-content\/uploads\/2016\/09\/15e\u0301pe\u0301es-400x300.jpg 400w, https:\/\/www.gillesschetagne.com\/wp-content\/uploads\/2016\/09\/15e\u0301pe\u0301es-300x225.jpg 300w\" sizes=\"auto, (max-width: 488px) 100vw, 488px\" \/><\/a><a href=\"http:\/\/www.gillesschetagne.com\/wp-content\/uploads\/2016\/09\/cymbalie\u0300res.jpg\"><img loading=\"lazy\" decoding=\"async\" class=\"size-full wp-image-234 aligncenter\" src=\"https:\/\/www.gillesschetagne.com\/wp-content\/uploads\/2016\/09\/cymbalie\u0300res.jpg\" alt=\"cymbalieres\" width=\"482\" height=\"367\" srcset=\"https:\/\/www.gillesschetagne.com\/wp-content\/uploads\/2016\/09\/cymbalie\u0300res.jpg 482w, https:\/\/www.gillesschetagne.com\/wp-content\/uploads\/2016\/09\/cymbalie\u0300res-400x305.jpg 400w, https:\/\/www.gillesschetagne.com\/wp-content\/uploads\/2016\/09\/cymbalie\u0300res-300x228.jpg 300w\" sizes=\"auto, (max-width: 482px) 100vw, 482px\" \/><\/a><\/p>\n<p style=\"text-align: left;\"><a href=\"http:\/\/www.gillesschetagne.com\/wp-content\/uploads\/2016\/09\/snaretoms.jpg\"><img loading=\"lazy\" decoding=\"async\" class=\" wp-image-301 aligncenter\" src=\"https:\/\/www.gillesschetagne.com\/wp-content\/uploads\/2016\/09\/snaretoms.jpg\" alt=\"snaretoms\" width=\"475\" height=\"365\" srcset=\"https:\/\/www.gillesschetagne.com\/wp-content\/uploads\/2016\/09\/snaretoms.jpg 453w, https:\/\/www.gillesschetagne.com\/wp-content\/uploads\/2016\/09\/snaretoms-400x307.jpg 400w, https:\/\/www.gillesschetagne.com\/wp-content\/uploads\/2016\/09\/snaretoms-300x230.jpg 300w\" sizes=\"auto, (max-width: 475px) 100vw, 475px\" \/><\/a><a href=\"http:\/\/www.gillesschetagne.com\/wp-content\/uploads\/2016\/09\/grossescaisses.jpg\"><img loading=\"lazy\" decoding=\"async\" class=\"aligncenter wp-image-245 \" src=\"https:\/\/www.gillesschetagne.com\/wp-content\/uploads\/2016\/09\/grossescaisses-e1475633659349.jpg\" alt=\"grossescaisses\" width=\"480\" height=\"365\" srcset=\"https:\/\/www.gillesschetagne.com\/wp-content\/uploads\/2016\/09\/grossescaisses-e1475633659349.jpg 458w, https:\/\/www.gillesschetagne.com\/wp-content\/uploads\/2016\/09\/grossescaisses-e1475633659349-400x304.jpg 400w, https:\/\/www.gillesschetagne.com\/wp-content\/uploads\/2016\/09\/grossescaisses-e1475633659349-300x228.jpg 300w\" sizes=\"auto, (max-width: 480px) 100vw, 480px\" \/><\/a><\/p>\n","protected":false},"excerpt":{"rendered":"<p>&nbsp; 1969 Les Canadiennes de Montr\u00e9al 1974-75 Les \u00c9clipses de Lafl\u00e8che 1977-78 Les \u00c9toiles de Dorion\/Vaudreuil 1979 Les Troubadours de Victoriaville 1980 La F\u00e9d\u00e9ration des associations musicales du Qu\u00e9bec 1980 \u00e0 82 Les \u00c9toiles de Dorion\/Vaudreuil 1984 \u00e0 86 Connexion Qu\u00e9bec de Laval 1989 \u00e0 2011 Enseignement de la musique \u00e0 l\u2019\u00e9cole primaire pour des [&hellip;]<\/p>\n","protected":false},"author":1,"featured_media":0,"parent":0,"menu_order":0,"comment_status":"closed","ping_status":"closed","template":"template-fullwidth.php","meta":{"slim_seo":{"title":"Enseignement - Le site officiel de Gilles Schetagne","description":"&nbsp; 1969 Les Canadiennes de Montr\u00e9al 1974-75 Les \u00c9clipses de Lafl\u00e8che 1977-78 Les \u00c9toiles de Dorion\/Vaudreuil 1979 Les Troubadours de Victoriaville 1980 La F"},"footnotes":""},"class_list":["post-421","page","type-page","status-publish","hentry"],"_links":{"self":[{"href":"https:\/\/www.gillesschetagne.com\/index.php?rest_route=\/wp\/v2\/pages\/421","targetHints":{"allow":["GET"]}}],"collection":[{"href":"https:\/\/www.gillesschetagne.com\/index.php?rest_route=\/wp\/v2\/pages"}],"about":[{"href":"https:\/\/www.gillesschetagne.com\/index.php?rest_route=\/wp\/v2\/types\/page"}],"author":[{"embeddable":true,"href":"https:\/\/www.gillesschetagne.com\/index.php?rest_route=\/wp\/v2\/users\/1"}],"replies":[{"embeddable":true,"href":"https:\/\/www.gillesschetagne.com\/index.php?rest_route=%2Fwp%2Fv2%2Fcomments&post=421"}],"version-history":[{"count":65,"href":"https:\/\/www.gillesschetagne.com\/index.php?rest_route=\/wp\/v2\/pages\/421\/revisions"}],"predecessor-version":[{"id":831,"href":"https:\/\/www.gillesschetagne.com\/index.php?rest_route=\/wp\/v2\/pages\/421\/revisions\/831"}],"wp:attachment":[{"href":"https:\/\/www.gillesschetagne.com\/index.php?rest_route=%2Fwp%2Fv2%2Fmedia&parent=421"}],"curies":[{"name":"wp","href":"https:\/\/api.w.org\/{rel}","templated":true}]}}