{"id":668,"date":"2016-12-27T17:26:35","date_gmt":"2016-12-27T22:26:35","guid":{"rendered":"http:\/\/www.gillesschetagne.com\/?page_id=668"},"modified":"2020-05-31T12:37:55","modified_gmt":"2020-05-31T16:37:55","slug":"maneige-2","status":"publish","type":"page","link":"https:\/\/www.gillesschetagne.com\/?page_id=668&lang=en","title":{"rendered":"&#8220;Maneige&#8221;"},"content":{"rendered":"<p><a id=\"#top\" \/a>&nbsp;<\/p>\n<p>In 1972, the activities of the group Lasting Weep were beginning to develop and were becoming more and more important. And then suddenly, the band started to split into 2 clans&#8230; This is how &#8220;Maneige&#8221; was born.<\/p>\n<p>After many changes in the lineup of musicians, Alain Bergeron, who&#8217;ve met Yves L\u00e9onard at Vincent D\u2019Indy, invited him to join the band as the bass player. J\u00e9r\u00f4me Langlois then asked me to become the drummer, so I asked Paul Picard to join in and play percussion; This is how we became &#8220;Maneige&#8221;. Vincent Langlois would sometimes play piano for some tunes when his brother J\u00e9r\u00f4me played clarinet. Denis Lapierre, who was our sound engineer, would later come to play the guitar as a guest musician and played from the mixing desk location when we were doing shows. On December 29th, 1973, my daughter Sylvie was born at the Lasalle hospital.<\/p>\n<p><a href=\"http:\/\/www.gillesschetagne.com\/wp-content\/uploads\/2016\/09\/maneige1.jpg\"><img loading=\"lazy\" decoding=\"async\" class=\"size-full wp-image-276 aligncenter\" src=\"https:\/\/www.gillesschetagne.com\/wp-content\/uploads\/2016\/09\/maneige1.jpg\" alt=\"maneige1\" width=\"512\" height=\"402\" \/><\/a><\/p>\n<p><a href=\"http:\/\/www.gillesschetagne.com\/wp-content\/uploads\/2016\/09\/maneige2.jpg\"><img loading=\"lazy\" decoding=\"async\" class=\"size-full wp-image-277 aligncenter\" src=\"https:\/\/www.gillesschetagne.com\/wp-content\/uploads\/2016\/09\/maneige2.jpg\" alt=\"maneige2\" width=\"379\" height=\"305\" srcset=\"https:\/\/www.gillesschetagne.com\/wp-content\/uploads\/2016\/09\/maneige2.jpg 379w, https:\/\/www.gillesschetagne.com\/wp-content\/uploads\/2016\/09\/maneige2-100x80.jpg 100w, https:\/\/www.gillesschetagne.com\/wp-content\/uploads\/2016\/09\/maneige2-300x241.jpg 300w\" sizes=\"auto, (max-width: 379px) 100vw, 379px\" \/><\/a><a href=\"http:\/\/www.gillesschetagne.com\/wp-content\/uploads\/2016\/09\/maneige3.jpg\"><img loading=\"lazy\" decoding=\"async\" class=\"size-full wp-image-278 aligncenter\" src=\"https:\/\/www.gillesschetagne.com\/wp-content\/uploads\/2016\/09\/maneige3.jpg\" alt=\"maneige3\" width=\"429\" height=\"306\" srcset=\"https:\/\/www.gillesschetagne.com\/wp-content\/uploads\/2016\/09\/maneige3.jpg 429w, https:\/\/www.gillesschetagne.com\/wp-content\/uploads\/2016\/09\/maneige3-400x285.jpg 400w, https:\/\/www.gillesschetagne.com\/wp-content\/uploads\/2016\/09\/maneige3-300x214.jpg 300w\" sizes=\"auto, (max-width: 429px) 100vw, 429px\" \/><\/a><br \/>\n<a href=\"http:\/\/www.gillesschetagne.com\/wp-content\/uploads\/2016\/09\/maneige4.jpg\"><img loading=\"lazy\" decoding=\"async\" class=\"size-full wp-image-279 aligncenter\" src=\"https:\/\/www.gillesschetagne.com\/wp-content\/uploads\/2016\/09\/maneige4.jpg\" alt=\"maneige4\" width=\"410\" height=\"526\" \/><\/a><a href=\"http:\/\/www.gillesschetagne.com\/wp-content\/uploads\/2016\/09\/maneige5_1.jpg\"><img loading=\"lazy\" decoding=\"async\" class=\"wp-image-280 aligncenter\" src=\"https:\/\/www.gillesschetagne.com\/wp-content\/uploads\/2016\/09\/maneige5_1.jpg\" alt=\"maneige5_1\" width=\"654\" height=\"515\" srcset=\"https:\/\/www.gillesschetagne.com\/wp-content\/uploads\/2016\/09\/maneige5_1.jpg 524w, https:\/\/www.gillesschetagne.com\/wp-content\/uploads\/2016\/09\/maneige5_1-400x315.jpg 400w, https:\/\/www.gillesschetagne.com\/wp-content\/uploads\/2016\/09\/maneige5_1-300x236.jpg 300w\" sizes=\"auto, (max-width: 654px) 100vw, 654px\" \/><\/a><\/p>\n<p>During my musical studies at the Conservatory of Montreal, I was pursuing my career with the band who were playing as opening act for international groups such as &#8220;Ekskeption&#8221; at Centre Sportif of the U.M., &#8220;Soft Machine&#8221; at Maisonneuve College, &#8220;Deodato&#8221; at the Place des Nations and finally, &#8220;Gentle Giant&#8221; at the Montr\u00e9al Forum.<\/p>\n<p>Here are some Youtube links :<\/p>\n<p><i class=\"fa fa-youtube-square fa-lg\"><\/i><a href=\"http:\/\/www.youtube.com\/watch?v=O0pMceR-nm0\">Man\u00e8ge<\/a><\/p>\n<p><i class=\"fa fa-youtube-square fa-lg\"><\/i><a href=\"http:\/\/www.youtube.com\/watch?v=odVgxN050bQ\">Teretereteret<\/a><\/p>\n<p><i class=\"fa fa-youtube-square fa-lg\"><\/i><a href=\"http:\/\/www.youtube.com\/watch?v=J2FzXgRgy1U\">Saxinette<\/a><\/p>\n<p><i class=\"fa fa-youtube-square fa-lg\"><\/i><a href=\"http:\/\/www.youtube.com\/watch?v=VUDrVS-E1qw\">Au Jardin des \u00c9toiles<\/a><\/p>\n<p>&nbsp;<\/p>\n<p><a href=\"http:\/\/www.gillesschetagne.com\/wp-content\/uploads\/2016\/09\/2014-03-02-1.jpg\"><img loading=\"lazy\" decoding=\"async\" class=\"size-full wp-image-214 aligncenter\" src=\"https:\/\/www.gillesschetagne.com\/wp-content\/uploads\/2016\/09\/2014-03-02-1.jpg\" alt=\"2014-03-02-1\" width=\"582\" height=\"463\" srcset=\"https:\/\/www.gillesschetagne.com\/wp-content\/uploads\/2016\/09\/2014-03-02-1.jpg 582w, https:\/\/www.gillesschetagne.com\/wp-content\/uploads\/2016\/09\/2014-03-02-1-400x318.jpg 400w, https:\/\/www.gillesschetagne.com\/wp-content\/uploads\/2016\/09\/2014-03-02-1-300x239.jpg 300w\" sizes=\"auto, (max-width: 582px) 100vw, 582px\" \/><\/a><\/p>\n<p class=\"p1\"><span class=\"s1\">The Capitol record company signed us up and gave us Lee DeCarlo as a producer. We had to go to Toronto to record our first 2 studios albums:\u00a0 \u00ab Maneige \u00bb and \u00ab Les Porches \u00bb . You can find both of them on the\u00a0<\/span><a href=\"http:\/\/www.progquebec.com\/maneige.html\">Progqu\u00e9bec<\/a>\u00a0website.<\/p>\n<p class=\"p1\"><span class=\"s1\">You will\u00a0also find two live albums, made from remastered tapes : \u00ab Live \u00e0 l\u2019\u00c9v\u00each\u00e9 \u00bb and\u00a0<\/span><span class=\"s1\">\u00a0\u00ab Maneige Les Porches LIVE \u00bb.\u00a0 We recorded more than six complete studio albums in total, all of which you can order directly from that site.<\/span><\/p>\n<p class=\"p1\"><span class=\"s1\">\u00a0<\/span><span class=\"s1\">In 1976, the group played on the biggest stage of la &#8220;Place des Arts&#8221; as a solo act; it was the confirmation of our talent.<\/span><\/p>\n<p><a href=\"http:\/\/www.gillesschetagne.com\/wp-content\/uploads\/2016\/09\/2014-03-02-3.jpg\"><img loading=\"lazy\" decoding=\"async\" class=\"aligncenter size-full wp-image-216\" src=\"https:\/\/www.gillesschetagne.com\/wp-content\/uploads\/2016\/09\/2014-03-02-3.jpg\" alt=\"2014-03-02-3\" width=\"546\" height=\"782\" srcset=\"https:\/\/www.gillesschetagne.com\/wp-content\/uploads\/2016\/09\/2014-03-02-3.jpg 546w, https:\/\/www.gillesschetagne.com\/wp-content\/uploads\/2016\/09\/2014-03-02-3-400x573.jpg 400w, https:\/\/www.gillesschetagne.com\/wp-content\/uploads\/2016\/09\/2014-03-02-3-209x300.jpg 209w\" sizes=\"auto, (max-width: 546px) 100vw, 546px\" \/><\/a><a href=\"http:\/\/www.gillesschetagne.com\/wp-content\/uploads\/2016\/09\/2014-03-02-2.jpg\"><img loading=\"lazy\" decoding=\"async\" class=\"size-full wp-image-215 aligncenter\" src=\"https:\/\/www.gillesschetagne.com\/wp-content\/uploads\/2016\/09\/2014-03-02-2.jpg\" alt=\"2014-03-02-2\" width=\"320\" height=\"652\" srcset=\"https:\/\/www.gillesschetagne.com\/wp-content\/uploads\/2016\/09\/2014-03-02-2.jpg 320w, https:\/\/www.gillesschetagne.com\/wp-content\/uploads\/2016\/09\/2014-03-02-2-100x204.jpg 100w, https:\/\/www.gillesschetagne.com\/wp-content\/uploads\/2016\/09\/2014-03-02-2-147x300.jpg 147w\" sizes=\"auto, (max-width: 320px) 100vw, 320px\" \/><\/a><\/p>\n<p>Then in 1978 and 1979, I think that those were my best years in the band; we did a tour in Ontario and after that in France. We also did a Canadian tour that led us to play in Pittsburg. We were promoting 2 studio albums, this time around recorded in the province of Qu\u00e9bec: \u00ab ni vent\u2026ni nouvelle \u00bb and \u00ab Libre service \u00bb.<\/p>\n<p>In 1979, another album appeared on the market \u00ab Composite \u00bb Live , made from recordings of a show in Bromont and another one at the Outremont theater.<\/p>\n<p>1980 was a difficult year emotionally because I had to leave the band. It was too hard to meet both ends when you have a family. I had to offer my services to Disco bands and even Bavarian bands to make enough money. Even though &#8220;Maneige&#8221; was somewhat big on the scene, we couldn&#8217;t make money that much, maybe due to the song format and style. The band went on and recorded another album, on which I didn&#8217;t contribute: \u00ab Montr\u00e9al 6 am \u00bb .<\/p>\n<p>I got back to Maneige in 1981 and we were scoring music for movies now. We composed the score for 2 movies by Yves Simoneau: \u00ab Qu\u00e9bec on a sunny side\u00bb, and \u00ab Les yeux rouges \u00bb .<\/p>\n<p><a href=\"http:\/\/www.gillesschetagne.com\/wp-content\/uploads\/2016\/09\/11.jpg\"><img loading=\"lazy\" decoding=\"async\" class=\"size-full wp-image-211 aligncenter\" src=\"https:\/\/www.gillesschetagne.com\/wp-content\/uploads\/2016\/09\/11.jpg\" alt=\"11\" width=\"988\" height=\"652\" srcset=\"https:\/\/www.gillesschetagne.com\/wp-content\/uploads\/2016\/09\/11.jpg 988w, https:\/\/www.gillesschetagne.com\/wp-content\/uploads\/2016\/09\/11-400x264.jpg 400w, https:\/\/www.gillesschetagne.com\/wp-content\/uploads\/2016\/09\/11-800x528.jpg 800w, https:\/\/www.gillesschetagne.com\/wp-content\/uploads\/2016\/09\/11-300x198.jpg 300w, https:\/\/www.gillesschetagne.com\/wp-content\/uploads\/2016\/09\/11-768x507.jpg 768w\" sizes=\"auto, (max-width: 988px) 100vw, 988px\" \/><\/a><\/p>\n<p>A lot of changes would shake the band up, but we have to wait till 1983 to see Maneige rising out of the ashes. After 3 or 4 keyboard players, 2 drummers, 3 percussion players, the band would momentarily stabilized itself to produce the album \u00ab Images \u00bb, which was recorded in the famous Morin Heights Studio with Paul Northfield at the mixing desk.<\/p>\n<p><a href=\"http:\/\/www.gillesschetagne.com\/wp-content\/uploads\/2016\/09\/maneige8.jpg\"><img loading=\"lazy\" decoding=\"async\" class=\"size-full wp-image-282 aligncenter\" src=\"https:\/\/www.gillesschetagne.com\/wp-content\/uploads\/2016\/09\/maneige8.jpg\" alt=\"maneige8\" width=\"497\" height=\"513\" srcset=\"https:\/\/www.gillesschetagne.com\/wp-content\/uploads\/2016\/09\/maneige8.jpg 497w, https:\/\/www.gillesschetagne.com\/wp-content\/uploads\/2016\/09\/maneige8-400x413.jpg 400w, https:\/\/www.gillesschetagne.com\/wp-content\/uploads\/2016\/09\/maneige8-291x300.jpg 291w\" sizes=\"auto, (max-width: 497px) 100vw, 497px\" \/><\/a><\/p>\n<p>This was my &#8220;Impact&#8221; drum set that was in the studio at Morin Heights; my good friend Richard Robitaille made it from parts of my old Ludwig, one that he&#8217;d put to pieces&#8230;.<\/p>\n<p>&nbsp;<\/p>\n<p><a href=\"http:\/\/www.gillesschetagne.com\/wp-content\/uploads\/2016\/09\/maneige7-e1475434374437.jpg\"><img loading=\"lazy\" decoding=\"async\" class=\" wp-image-281 aligncenter\" src=\"https:\/\/www.gillesschetagne.com\/wp-content\/uploads\/2016\/09\/maneige7-e1475434374437.jpg\" alt=\"maneige7\" width=\"709\" height=\"502\" srcset=\"https:\/\/www.gillesschetagne.com\/wp-content\/uploads\/2016\/09\/maneige7-e1475434374437.jpg 579w, https:\/\/www.gillesschetagne.com\/wp-content\/uploads\/2016\/09\/maneige7-e1475434374437-400x283.jpg 400w, https:\/\/www.gillesschetagne.com\/wp-content\/uploads\/2016\/09\/maneige7-e1475434374437-300x212.jpg 300w\" sizes=\"auto, (max-width: 709px) 100vw, 709px\" \/><\/a><\/p>\n<p>Here&#8217;s a picture that shows us playing one of the few last shows we ever did. It was in Qu\u00e9bec City with Alain Bergeron, Yves L\u00e9onard, M\u00e9go and Michel Lefran\u00e7ois.<\/p>\n<p style=\"text-align: center;\"><a href=\"#top\">Top of the page<\/a><\/p>\n","protected":false},"excerpt":{"rendered":"<p>&nbsp; In 1972, the activities of the group Lasting Weep were beginning to develop and were becoming more and more important. And then suddenly, the band started to split into 2 clans&#8230; This is how &#8220;Maneige&#8221; was born. After many changes in the lineup of musicians, Alain Bergeron, who&#8217;ve met Yves L\u00e9onard at Vincent D\u2019Indy, [&hellip;]<\/p>\n","protected":false},"author":1,"featured_media":0,"parent":0,"menu_order":0,"comment_status":"closed","ping_status":"closed","template":"template-fullwidth.php","meta":{"slim_seo":{"title":"\"Maneige\" - Le site officiel de Gilles Schetagne","description":"&nbsp; In 1972, the activities of the group Lasting Weep were beginning to develop and were becoming more and more important. And then suddenly, the band starte"},"footnotes":""},"class_list":["post-668","page","type-page","status-publish","hentry"],"_links":{"self":[{"href":"https:\/\/www.gillesschetagne.com\/index.php?rest_route=\/wp\/v2\/pages\/668","targetHints":{"allow":["GET"]}}],"collection":[{"href":"https:\/\/www.gillesschetagne.com\/index.php?rest_route=\/wp\/v2\/pages"}],"about":[{"href":"https:\/\/www.gillesschetagne.com\/index.php?rest_route=\/wp\/v2\/types\/page"}],"author":[{"embeddable":true,"href":"https:\/\/www.gillesschetagne.com\/index.php?rest_route=\/wp\/v2\/users\/1"}],"replies":[{"embeddable":true,"href":"https:\/\/www.gillesschetagne.com\/index.php?rest_route=%2Fwp%2Fv2%2Fcomments&post=668"}],"version-history":[{"count":8,"href":"https:\/\/www.gillesschetagne.com\/index.php?rest_route=\/wp\/v2\/pages\/668\/revisions"}],"predecessor-version":[{"id":836,"href":"https:\/\/www.gillesschetagne.com\/index.php?rest_route=\/wp\/v2\/pages\/668\/revisions\/836"}],"wp:attachment":[{"href":"https:\/\/www.gillesschetagne.com\/index.php?rest_route=%2Fwp%2Fv2%2Fmedia&parent=668"}],"curies":[{"name":"wp","href":"https:\/\/api.w.org\/{rel}","templated":true}]}}