{"id":674,"date":"2016-12-27T17:43:28","date_gmt":"2016-12-27T22:43:28","guid":{"rendered":"http:\/\/www.gillesschetagne.com\/?page_id=674"},"modified":"2020-05-31T12:37:20","modified_gmt":"2020-05-31T16:37:20","slug":"beginnings","status":"publish","type":"page","link":"https:\/\/www.gillesschetagne.com\/?page_id=674&lang=en","title":{"rendered":"Beginnings"},"content":{"rendered":"<p>&nbsp;<\/p>\n<p>In August 1969 I had my first professional contract as a drummer. I accompanied the singer Pierre L\u00e9tourneau with Louis-Philippe Pelletier on piano. The first gig took place at the Fisherman&#8217;s house in Perc\u00e9, Qc.<\/p>\n<p>In September, I entered the Conservatory of Music in Montreal. I was a full-time student and studied percussion with Louis Charbonneau until 1974. I got a graduate degree in 73 and finally a First prize in classical percussion in 74.<\/p>\n<p><a href=\"http:\/\/www.gillesschetagne.com\/wp-content\/uploads\/2016\/09\/img_0350-e1475200568185.jpg\"><img loading=\"lazy\" decoding=\"async\" class=\"wp-image-259 alignnone\" src=\"https:\/\/www.gillesschetagne.com\/wp-content\/uploads\/2016\/09\/img_0350-e1475200568185.jpg\" alt=\"img_0350\" width=\"556\" height=\"408\" srcset=\"https:\/\/www.gillesschetagne.com\/wp-content\/uploads\/2016\/09\/img_0350-e1475200568185.jpg 466w, https:\/\/www.gillesschetagne.com\/wp-content\/uploads\/2016\/09\/img_0350-e1475200568185-400x294.jpg 400w, https:\/\/www.gillesschetagne.com\/wp-content\/uploads\/2016\/09\/img_0350-e1475200568185-300x220.jpg 300w\" sizes=\"auto, (max-width: 556px) 100vw, 556px\" \/><\/a><\/p>\n<p><a href=\"http:\/\/www.gillesschetagne.com\/wp-content\/uploads\/2016\/09\/dip_conserve.jpg\"><img loading=\"lazy\" decoding=\"async\" class=\"wp-image-235 alignnone\" src=\"https:\/\/www.gillesschetagne.com\/wp-content\/uploads\/2016\/09\/dip_conserve.jpg\" alt=\"dip_conserve\" width=\"558\" height=\"402\" srcset=\"https:\/\/www.gillesschetagne.com\/wp-content\/uploads\/2016\/09\/dip_conserve.jpg 505w, https:\/\/www.gillesschetagne.com\/wp-content\/uploads\/2016\/09\/dip_conserve-400x288.jpg 400w, https:\/\/www.gillesschetagne.com\/wp-content\/uploads\/2016\/09\/dip_conserve-300x216.jpg 300w\" sizes=\"auto, (max-width: 558px) 100vw, 558px\" \/><\/a><\/p>\n<p>I had to meet my basic needs. So I started to teach a bugle corp called &#8220;Canadians of Montreal.&#8221; The trumpet instructor was Luc Caron (who already had a career as a musician) and I, was taking care of the percussion section. The band played dance music on weekends. I was paid $8 for each practice (average 3 per week) and Pierre L\u00e9tourneau gave me $50 per show (on average 1 or 2 per month and sometimes more). The apartment cost $28 per week, but we were 5 or 6 guys who were paying it.<\/p>\n<p>When I was at the conservatory, I met Mathieu L\u00e9ger and Paul Picard, who quickly became good friends. We did not play enough during the classes that we had; we just needed more. Paul was a jazz fanatic. He was listening to Max Roach, Mingus and others whose names I can&#8217;t remember. Mathieu played with a band called &#8220;Lasting Weep&#8221; with Alain Bergeron, J\u00e9r\u00f4me Langlois and Claude Chapleau. He (Mathieu) invited me to their many gigs at the &#8216;Caf\u00e9 Gallery &#8220;or&#8221; Coll\u00e8ge Br\u00e9beuf &#8220;as percussionist, because he was their drummer. ProgQuebec released a CD called: Lasthing Weep 1969-1971 MPM 18<\/p>\n<p>I also met a guitar player named Andr\u00e9 V\u00e9zina. He introduced me to another guitar player: Marc Larochelle. His brother was a pianist, his name was Denis. They needed a drummer to play with Michel Conte (author, songwriter, dancer and choreographer). We toured the province in addition to a tour of France in 1971. This is when my son Sylvain was born February 9, 1971, which was on the day when we were suppose to return. But there was a delay. We got back on the 11th. As soon as I arrived at the airport in Dorval, I jumped into a taxi to go directly to the Christ-Roi hospital in Verdun.<\/p>\n<p>During this tour we also met Monique Leyrac in Paris and it was the beginning of a new association that led us to other tours throughout Quebec and Canada. And then we (Marc, Denis and I) recorded a 45rpm with Michel Conte and a LP with Monique Leyrac..<\/p>\n<p><a href=\"http:\/\/www.gillesschetagne.com\/wp-content\/uploads\/2016\/09\/img_0354.jpg\"><img loading=\"lazy\" decoding=\"async\" class=\"wp-image-260 alignnone\" src=\"https:\/\/www.gillesschetagne.com\/wp-content\/uploads\/2016\/09\/img_0354-e1475199505176.jpg\" alt=\"img_0354\" width=\"601\" height=\"468\" srcset=\"https:\/\/www.gillesschetagne.com\/wp-content\/uploads\/2016\/09\/img_0354-e1475199505176.jpg 496w, https:\/\/www.gillesschetagne.com\/wp-content\/uploads\/2016\/09\/img_0354-e1475199505176-400x311.jpg 400w, https:\/\/www.gillesschetagne.com\/wp-content\/uploads\/2016\/09\/img_0354-e1475199505176-300x233.jpg 300w\" sizes=\"auto, (max-width: 601px) 100vw, 601px\" \/><\/a><\/p>\n<p>The other musicians that we see here with their face covered were the guys in the mythical group &#8220;Vos Voisins&#8221;. The late Jacques Perron is in between me and Denis in the top frame.<\/p>\n","protected":false},"excerpt":{"rendered":"<p>&nbsp; In August 1969 I had my first professional contract as a drummer. I accompanied the singer Pierre L\u00e9tourneau with Louis-Philippe Pelletier on piano. The first gig took place at the Fisherman&#8217;s house in Perc\u00e9, Qc. In September, I entered the Conservatory of Music in Montreal. I was a full-time student and studied percussion with [&hellip;]<\/p>\n","protected":false},"author":1,"featured_media":0,"parent":0,"menu_order":0,"comment_status":"closed","ping_status":"closed","template":"template-fullwidth.php","meta":{"slim_seo":{"title":"Beginnings - Le site officiel de Gilles Schetagne","description":"&nbsp; In August 1969 I had my first professional contract as a drummer. I accompanied the singer Pierre L\u00e9tourneau with Louis-Philippe Pelletier on piano. The"},"footnotes":""},"class_list":["post-674","page","type-page","status-publish","hentry"],"_links":{"self":[{"href":"https:\/\/www.gillesschetagne.com\/index.php?rest_route=\/wp\/v2\/pages\/674","targetHints":{"allow":["GET"]}}],"collection":[{"href":"https:\/\/www.gillesschetagne.com\/index.php?rest_route=\/wp\/v2\/pages"}],"about":[{"href":"https:\/\/www.gillesschetagne.com\/index.php?rest_route=\/wp\/v2\/types\/page"}],"author":[{"embeddable":true,"href":"https:\/\/www.gillesschetagne.com\/index.php?rest_route=\/wp\/v2\/users\/1"}],"replies":[{"embeddable":true,"href":"https:\/\/www.gillesschetagne.com\/index.php?rest_route=%2Fwp%2Fv2%2Fcomments&post=674"}],"version-history":[{"count":5,"href":"https:\/\/www.gillesschetagne.com\/index.php?rest_route=\/wp\/v2\/pages\/674\/revisions"}],"predecessor-version":[{"id":835,"href":"https:\/\/www.gillesschetagne.com\/index.php?rest_route=\/wp\/v2\/pages\/674\/revisions\/835"}],"wp:attachment":[{"href":"https:\/\/www.gillesschetagne.com\/index.php?rest_route=%2Fwp%2Fv2%2Fmedia&parent=674"}],"curies":[{"name":"wp","href":"https:\/\/api.w.org\/{rel}","templated":true}]}}