{"id":689,"date":"2016-12-27T18:04:09","date_gmt":"2016-12-27T23:04:09","guid":{"rendered":"http:\/\/www.gillesschetagne.com\/?page_id=689"},"modified":"2020-05-31T12:39:07","modified_gmt":"2020-05-31T16:39:07","slug":"pre-schetagne-2","status":"publish","type":"page","link":"https:\/\/www.gillesschetagne.com\/?page_id=689&lang=en","title":{"rendered":"Pre Schetagne"},"content":{"rendered":"<p>&nbsp;<\/p>\n<p>After the last incarnation of Maneige, I plunged body and soul into the adventure of drum corps with the &#8220;Connection Quebec&#8221; group in Laval from 1984 to 1986.<br \/>\nI managed to show the drumline at Salle Claude-Champagne at a PAS gala.<\/p>\n<p><a href=\"http:\/\/www.gillesschetagne.com\/wp-content\/uploads\/2016\/09\/connexionclaudechampagne.jpg\"><img loading=\"lazy\" decoding=\"async\" class=\"aligncenter wp-image-231 size-full\" src=\"https:\/\/www.gillesschetagne.com\/wp-content\/uploads\/2016\/09\/connexionclaudechampagne-e1475436499230.jpg\" alt=\"connexionclaudechampagne\" width=\"671\" height=\"431\" srcset=\"https:\/\/www.gillesschetagne.com\/wp-content\/uploads\/2016\/09\/connexionclaudechampagne-e1475436499230.jpg 671w, https:\/\/www.gillesschetagne.com\/wp-content\/uploads\/2016\/09\/connexionclaudechampagne-e1475436499230-400x257.jpg 400w, https:\/\/www.gillesschetagne.com\/wp-content\/uploads\/2016\/09\/connexionclaudechampagne-e1475436499230-600x385.jpg 600w, https:\/\/www.gillesschetagne.com\/wp-content\/uploads\/2016\/09\/connexionclaudechampagne-e1475436499230-300x193.jpg 300w\" sizes=\"auto, (max-width: 671px) 100vw, 671px\" \/><\/a><a href=\"http:\/\/www.gillesschetagne.com\/wp-content\/uploads\/2016\/09\/pas822.jpg\"><img loading=\"lazy\" decoding=\"async\" class=\"size-full wp-image-288 aligncenter\" src=\"https:\/\/www.gillesschetagne.com\/wp-content\/uploads\/2016\/09\/pas822.jpg\" alt=\"pas822\" width=\"326\" height=\"535\" srcset=\"https:\/\/www.gillesschetagne.com\/wp-content\/uploads\/2016\/09\/pas822.jpg 326w, https:\/\/www.gillesschetagne.com\/wp-content\/uploads\/2016\/09\/pas822-100x164.jpg 100w, https:\/\/www.gillesschetagne.com\/wp-content\/uploads\/2016\/09\/pas822-183x300.jpg 183w\" sizes=\"auto, (max-width: 326px) 100vw, 326px\" \/><\/a><\/p>\n<p>In 1985, &#8220;Connexion Qu\u00e9bec&#8221; had managed to carve out a place amongst the top 25 formation at the DCI. At that time, it&#8217;s was a real feat!<\/p>\n<p><a href=\"http:\/\/www.gillesschetagne.com\/wp-content\/uploads\/2016\/09\/connexionterrain.jpg\"><img loading=\"lazy\" decoding=\"async\" class=\"size-full wp-image-232 aligncenter\" src=\"https:\/\/www.gillesschetagne.com\/wp-content\/uploads\/2016\/09\/connexionterrain.jpg\" alt=\"connexionterrain\" width=\"495\" height=\"387\" srcset=\"https:\/\/www.gillesschetagne.com\/wp-content\/uploads\/2016\/09\/connexionterrain.jpg 495w, https:\/\/www.gillesschetagne.com\/wp-content\/uploads\/2016\/09\/connexionterrain-400x313.jpg 400w, https:\/\/www.gillesschetagne.com\/wp-content\/uploads\/2016\/09\/connexionterrain-300x235.jpg 300w\" sizes=\"auto, (max-width: 495px) 100vw, 495px\" \/><\/a><\/p>\n<p>&nbsp;<\/p>\n<p>In the early 1980s until 1985 alongside my adventure with Maneige, I often had the opportunity to work with many Quebec artists accompanying them on he drums. Artists such as: Fran\u00e7ois Guy, Ren\u00e9e Martel, Michel Rivard, J\u00e9r\u00f4me Langlois (himself a former Maneige band member, often urged me to add my personal touches to his creations), R\u00e9gis Simard, Benny Barbara, Paul Beauregard, R\u00e9gis B\u00e9langer, Jean-Pierre Fr\u00e9chette, David Scott, Sylvie Jasmin, Michel Brouillette, Wharren Stolow, Michel Dulac. It was quite varied as musical range.<\/p>\n<p>I also experienced the music of popular and folk dance by working at the Old Munich (Bavarian music) with orchestras that rather consisted of European musicians like Hubert Renfert, Tony Perko, Carl Binoveck. I also often worked at Club Helios who specialized in social (line) dancing.<\/p>\n<p><a href=\"http:\/\/www.gillesschetagne.com\/wp-content\/uploads\/2016\/09\/journal.jpg\"><img loading=\"lazy\" decoding=\"async\" class=\"aligncenter wp-image-265 size-full\" src=\"https:\/\/www.gillesschetagne.com\/wp-content\/uploads\/2016\/09\/journal-e1475436758390.jpg\" alt=\"journal\" width=\"511\" height=\"1176\" srcset=\"https:\/\/www.gillesschetagne.com\/wp-content\/uploads\/2016\/09\/journal-e1475436758390.jpg 511w, https:\/\/www.gillesschetagne.com\/wp-content\/uploads\/2016\/09\/journal-e1475436758390-400x921.jpg 400w, https:\/\/www.gillesschetagne.com\/wp-content\/uploads\/2016\/09\/journal-e1475436758390-130x300.jpg 130w, https:\/\/www.gillesschetagne.com\/wp-content\/uploads\/2016\/09\/journal-e1475436758390-445x1024.jpg 445w\" sizes=\"auto, (max-width: 511px) 100vw, 511px\" \/><\/a><\/p>\n<p>It was also the beginning of a new musical venture outside Maneige, therefore, the beginning of a solo career with &#8220;Percussion Montreal&#8221; in 1985 at UQAM.<br \/>\nI worked a lot with my friend Luc Sicard to get this project up.<\/p>\n<p><a href=\"http:\/\/www.gillesschetagne.com\/wp-content\/uploads\/2016\/09\/perc85.jpg\"><img loading=\"lazy\" decoding=\"async\" class=\"size-full wp-image-290 aligncenter\" src=\"https:\/\/www.gillesschetagne.com\/wp-content\/uploads\/2016\/09\/perc85.jpg\" alt=\"perc85\" width=\"387\" height=\"577\" srcset=\"https:\/\/www.gillesschetagne.com\/wp-content\/uploads\/2016\/09\/perc85.jpg 387w, https:\/\/www.gillesschetagne.com\/wp-content\/uploads\/2016\/09\/perc85-100x149.jpg 100w, https:\/\/www.gillesschetagne.com\/wp-content\/uploads\/2016\/09\/perc85-201x300.jpg 201w\" sizes=\"auto, (max-width: 387px) 100vw, 387px\" \/><\/a><\/p>\n<p>In 1986, they&#8217;ve entrusted me with the task of getting a band together for the &#8220;International Mime Festival of Montreal&#8221;, &#8220;Le Band Qui Fait Du Bruit&#8221;, again with the close collaboration of my friend Luc Sicard. It&#8217;s also on this occasion that I had the great opportunity of knowing Alain Labrosse, a great percussion player.<br \/>\nIn 1987 working with Pierre Millette&#8217;s Big Band in Sorel, I met bass player Fred Farago.<\/p>\n<p><a href=\"http:\/\/www.gillesschetagne.com\/wp-content\/uploads\/2016\/09\/fimm2.jpg\"><img loading=\"lazy\" decoding=\"async\" class=\"size-full wp-image-238 aligncenter\" src=\"https:\/\/www.gillesschetagne.com\/wp-content\/uploads\/2016\/09\/fimm2.jpg\" alt=\"fimm2\" width=\"414\" height=\"651\" srcset=\"https:\/\/www.gillesschetagne.com\/wp-content\/uploads\/2016\/09\/fimm2.jpg 414w, https:\/\/www.gillesschetagne.com\/wp-content\/uploads\/2016\/09\/fimm2-400x629.jpg 400w, https:\/\/www.gillesschetagne.com\/wp-content\/uploads\/2016\/09\/fimm2-191x300.jpg 191w\" sizes=\"auto, (max-width: 414px) 100vw, 414px\" \/><\/a><\/p>\n","protected":false},"excerpt":{"rendered":"<p>&nbsp; After the last incarnation of Maneige, I plunged body and soul into the adventure of drum corps with the &#8220;Connection Quebec&#8221; group in Laval from 1984 to 1986. I managed to show the drumline at Salle Claude-Champagne at a PAS gala. In 1985, &#8220;Connexion Qu\u00e9bec&#8221; had managed to carve out a place amongst the [&hellip;]<\/p>\n","protected":false},"author":1,"featured_media":0,"parent":0,"menu_order":0,"comment_status":"closed","ping_status":"closed","template":"template-fullwidth.php","meta":{"slim_seo":{"title":"Pre Schetagne - Le site officiel de Gilles Schetagne","description":"&nbsp; After the last incarnation of Maneige, I plunged body and soul into the adventure of drum corps with the \"Connection Quebec\" group in Laval from 1984 to"},"footnotes":""},"class_list":["post-689","page","type-page","status-publish","hentry"],"_links":{"self":[{"href":"https:\/\/www.gillesschetagne.com\/index.php?rest_route=\/wp\/v2\/pages\/689","targetHints":{"allow":["GET"]}}],"collection":[{"href":"https:\/\/www.gillesschetagne.com\/index.php?rest_route=\/wp\/v2\/pages"}],"about":[{"href":"https:\/\/www.gillesschetagne.com\/index.php?rest_route=\/wp\/v2\/types\/page"}],"author":[{"embeddable":true,"href":"https:\/\/www.gillesschetagne.com\/index.php?rest_route=\/wp\/v2\/users\/1"}],"replies":[{"embeddable":true,"href":"https:\/\/www.gillesschetagne.com\/index.php?rest_route=%2Fwp%2Fv2%2Fcomments&post=689"}],"version-history":[{"count":4,"href":"https:\/\/www.gillesschetagne.com\/index.php?rest_route=\/wp\/v2\/pages\/689\/revisions"}],"predecessor-version":[{"id":838,"href":"https:\/\/www.gillesschetagne.com\/index.php?rest_route=\/wp\/v2\/pages\/689\/revisions\/838"}],"wp:attachment":[{"href":"https:\/\/www.gillesschetagne.com\/index.php?rest_route=%2Fwp%2Fv2%2Fmedia&parent=689"}],"curies":[{"name":"wp","href":"https:\/\/api.w.org\/{rel}","templated":true}]}}