{"id":698,"date":"2016-12-27T18:17:19","date_gmt":"2016-12-27T23:17:19","guid":{"rendered":"http:\/\/www.gillesschetagne.com\/?page_id=698"},"modified":"2020-05-31T12:40:15","modified_gmt":"2020-05-31T16:40:15","slug":"schetagne-2","status":"publish","type":"page","link":"https:\/\/www.gillesschetagne.com\/?page_id=698&lang=en","title":{"rendered":"&#8220;Schetagne&#8221;"},"content":{"rendered":"<p>&nbsp;<\/p>\n<p>In 1988, the year before I started working as a teacher, I&#8217;d put together a band called &#8220;Schetagne.&#8221; Yes, that&#8217;s rather strange to name a group by the last name of the band leader, but as I was tired of always start over, I told myself that taking my last name (which sounds a bit percussive too), it would be the last time I&#8217;d have to do it.<\/p>\n<p>We played only my original compositions. And as the mindset was more to be a group rather than musicians playing alongside the band leader, there was plenty of room for each members to express themselves musically.<\/p>\n<p>Until 1992, we played at different places like &#8220;The Odyssey&#8221; in Trois-Rivi\u00e8res, Club Soda, Cultural Center of Ch\u00e2teauguay, Jailhouse Rock, Grand Caf\u00e9, L\u2018air du temps, and CEGEP St. Laurent, just to name a few.<\/p>\n<p><a href=\"http:\/\/www.gillesschetagne.com\/wp-content\/uploads\/2016\/09\/affiche2.jpg\"><img loading=\"lazy\" decoding=\"async\" class=\"size-full wp-image-222 aligncenter\" src=\"https:\/\/www.gillesschetagne.com\/wp-content\/uploads\/2016\/09\/affiche2.jpg\" alt=\"affiche2\" width=\"490\" height=\"726\" srcset=\"https:\/\/www.gillesschetagne.com\/wp-content\/uploads\/2016\/09\/affiche2.jpg 490w, https:\/\/www.gillesschetagne.com\/wp-content\/uploads\/2016\/09\/affiche2-400x593.jpg 400w, https:\/\/www.gillesschetagne.com\/wp-content\/uploads\/2016\/09\/affiche2-202x300.jpg 202w\" sizes=\"auto, (max-width: 490px) 100vw, 490px\" \/><\/a><a href=\"http:\/\/www.gillesschetagne.com\/wp-content\/uploads\/2016\/10\/airdutempscomposite.jpg\"><img loading=\"lazy\" decoding=\"async\" class=\"size-full wp-image-415 aligncenter\" src=\"https:\/\/www.gillesschetagne.com\/wp-content\/uploads\/2016\/10\/airdutempscomposite.jpg\" alt=\"airdutempscomposite\" width=\"722\" height=\"322\" srcset=\"https:\/\/www.gillesschetagne.com\/wp-content\/uploads\/2016\/10\/airdutempscomposite.jpg 722w, https:\/\/www.gillesschetagne.com\/wp-content\/uploads\/2016\/10\/airdutempscomposite-400x178.jpg 400w, https:\/\/www.gillesschetagne.com\/wp-content\/uploads\/2016\/10\/airdutempscomposite-600x268.jpg 600w, https:\/\/www.gillesschetagne.com\/wp-content\/uploads\/2016\/10\/airdutempscomposite-300x134.jpg 300w\" sizes=\"auto, (max-width: 722px) 100vw, 722px\" \/><\/a><a href=\"http:\/\/www.gillesschetagne.com\/wp-content\/uploads\/2016\/09\/revuedrums715x884.jpg\"><img loading=\"lazy\" decoding=\"async\" class=\"wp-image-295 size-full aligncenter\" src=\"https:\/\/www.gillesschetagne.com\/wp-content\/uploads\/2016\/09\/revuedrums715x884.jpg\" alt=\"revuedrums715x884\" width=\"715\" height=\"883\" srcset=\"https:\/\/www.gillesschetagne.com\/wp-content\/uploads\/2016\/09\/revuedrums715x884.jpg 715w, https:\/\/www.gillesschetagne.com\/wp-content\/uploads\/2016\/09\/revuedrums715x884-400x494.jpg 400w, https:\/\/www.gillesschetagne.com\/wp-content\/uploads\/2016\/09\/revuedrums715x884-600x741.jpg 600w, https:\/\/www.gillesschetagne.com\/wp-content\/uploads\/2016\/09\/revuedrums715x884-243x300.jpg 243w\" sizes=\"auto, (max-width: 715px) 100vw, 715px\" \/><\/a><\/p>\n<p style=\"text-align: center;\">Magazine article from &#8220;Le Musicien Qu\u00e9b\u00e9cois&#8221; in 1992<\/p>\n<p style=\"text-align: center;\"><a href=\"http:\/\/www.gillesschetagne.com\/wp-content\/uploads\/2016\/09\/journal3.jpg\"><img loading=\"lazy\" decoding=\"async\" class=\"size-full wp-image-266 aligncenter\" src=\"https:\/\/www.gillesschetagne.com\/wp-content\/uploads\/2016\/09\/journal3.jpg\" alt=\"journal3\" width=\"403\" height=\"1041\" srcset=\"https:\/\/www.gillesschetagne.com\/wp-content\/uploads\/2016\/09\/journal3.jpg 403w, https:\/\/www.gillesschetagne.com\/wp-content\/uploads\/2016\/09\/journal3-400x1033.jpg 400w, https:\/\/www.gillesschetagne.com\/wp-content\/uploads\/2016\/09\/journal3-116x300.jpg 116w, https:\/\/www.gillesschetagne.com\/wp-content\/uploads\/2016\/09\/journal3-396x1024.jpg 396w\" sizes=\"auto, (max-width: 403px) 100vw, 403px\" \/><\/a><a href=\"http:\/\/www.gillesschetagne.com\/wp-content\/uploads\/2016\/09\/schetagne2.jpg\"><img loading=\"lazy\" decoding=\"async\" class=\"size-full wp-image-298 aligncenter\" src=\"https:\/\/www.gillesschetagne.com\/wp-content\/uploads\/2016\/09\/schetagne2.jpg\" alt=\"schetagne2\" width=\"473\" height=\"626\" srcset=\"https:\/\/www.gillesschetagne.com\/wp-content\/uploads\/2016\/09\/schetagne2.jpg 473w, https:\/\/www.gillesschetagne.com\/wp-content\/uploads\/2016\/09\/schetagne2-400x529.jpg 400w, https:\/\/www.gillesschetagne.com\/wp-content\/uploads\/2016\/09\/schetagne2-227x300.jpg 227w\" sizes=\"auto, (max-width: 473px) 100vw, 473px\" \/><\/a><\/p>\n<p class=\"p1\" style=\"text-align: center;\"><span class=\"s1\">On some occasions, we were four musicians&#8230;<\/span><\/p>\n<p style=\"text-align: center;\"><a href=\"http:\/\/www.gillesschetagne.com\/wp-content\/uploads\/2016\/09\/schetagnegroup.jpg\"><img loading=\"lazy\" decoding=\"async\" class=\"size-full wp-image-299 aligncenter\" src=\"https:\/\/www.gillesschetagne.com\/wp-content\/uploads\/2016\/09\/schetagnegroup.jpg\" alt=\"schetagnegroup\" width=\"617\" height=\"309\" srcset=\"https:\/\/www.gillesschetagne.com\/wp-content\/uploads\/2016\/09\/schetagnegroup.jpg 617w, https:\/\/www.gillesschetagne.com\/wp-content\/uploads\/2016\/09\/schetagnegroup-400x200.jpg 400w, https:\/\/www.gillesschetagne.com\/wp-content\/uploads\/2016\/09\/schetagnegroup-600x300.jpg 600w, https:\/\/www.gillesschetagne.com\/wp-content\/uploads\/2016\/09\/schetagnegroup-300x150.jpg 300w\" sizes=\"auto, (max-width: 617px) 100vw, 617px\" \/><\/a>Sometimes\u00a05 musicians and the most often\u00a0possible 6.<\/p>\n<p>&nbsp;<\/p>\n<p style=\"text-align: center;\"><a href=\"http:\/\/www.gillesschetagne.com\/wp-content\/uploads\/2016\/09\/2014-03-02-6.jpg\"><img loading=\"lazy\" decoding=\"async\" class=\"size-full wp-image-217 aligncenter\" src=\"https:\/\/www.gillesschetagne.com\/wp-content\/uploads\/2016\/09\/2014-03-02-6.jpg\" alt=\"2014-03-02-6\" width=\"482\" height=\"638\" srcset=\"https:\/\/www.gillesschetagne.com\/wp-content\/uploads\/2016\/09\/2014-03-02-6.jpg 482w, https:\/\/www.gillesschetagne.com\/wp-content\/uploads\/2016\/09\/2014-03-02-6-400x529.jpg 400w, https:\/\/www.gillesschetagne.com\/wp-content\/uploads\/2016\/09\/2014-03-02-6-227x300.jpg 227w\" sizes=\"auto, (max-width: 482px) 100vw, 482px\" \/><\/a><span style=\"color: #993300;\">Trois-Rivi\u00e8res<\/span><\/p>\n<p style=\"text-align: center;\"><a href=\"http:\/\/www.gillesschetagne.com\/wp-content\/uploads\/2016\/09\/2014-03-02-7.jpg\"><img loading=\"lazy\" decoding=\"async\" class=\"size-full wp-image-218 aligncenter\" src=\"https:\/\/www.gillesschetagne.com\/wp-content\/uploads\/2016\/09\/2014-03-02-7.jpg\" alt=\"2014-03-02-7\" width=\"278\" height=\"536\" srcset=\"https:\/\/www.gillesschetagne.com\/wp-content\/uploads\/2016\/09\/2014-03-02-7.jpg 278w, https:\/\/www.gillesschetagne.com\/wp-content\/uploads\/2016\/09\/2014-03-02-7-100x193.jpg 100w, https:\/\/www.gillesschetagne.com\/wp-content\/uploads\/2016\/09\/2014-03-02-7-156x300.jpg 156w\" sizes=\"auto, (max-width: 278px) 100vw, 278px\" \/><\/a><span style=\"color: #993300;\">Club Soda, Montr\u00e9al<\/span><\/p>\n<p style=\"text-align: center;\"><a href=\"http:\/\/www.gillesschetagne.com\/wp-content\/uploads\/2016\/09\/specculture.jpg\"><img loading=\"lazy\" decoding=\"async\" class=\"size-full wp-image-302 aligncenter\" src=\"https:\/\/www.gillesschetagne.com\/wp-content\/uploads\/2016\/09\/specculture.jpg\" alt=\"specculture\" width=\"325\" height=\"894\" srcset=\"https:\/\/www.gillesschetagne.com\/wp-content\/uploads\/2016\/09\/specculture.jpg 325w, https:\/\/www.gillesschetagne.com\/wp-content\/uploads\/2016\/09\/specculture-100x275.jpg 100w, https:\/\/www.gillesschetagne.com\/wp-content\/uploads\/2016\/09\/specculture-109x300.jpg 109w\" sizes=\"auto, (max-width: 325px) 100vw, 325px\" \/><\/a><span style=\"color: #993300;\">Centre Culturel de Ch\u00e2teauguay<\/span><\/p>\n<p>&nbsp;<\/p>\n<p>&nbsp;<\/p>\n<p style=\"text-align: center;\">We recorded and album that was never released; but now\u00a0you can find here, remastered, in the &#8220;Store&#8221; section.<\/p>\n","protected":false},"excerpt":{"rendered":"<p>&nbsp; In 1988, the year before I started working as a teacher, I&#8217;d put together a band called &#8220;Schetagne.&#8221; Yes, that&#8217;s rather strange to name a group by the last name of the band leader, but as I was tired of always start over, I told myself that taking my last name (which sounds a [&hellip;]<\/p>\n","protected":false},"author":1,"featured_media":0,"parent":0,"menu_order":0,"comment_status":"closed","ping_status":"closed","template":"template-fullwidth.php","meta":{"slim_seo":{"title":"\"Schetagne\" - Le site officiel de Gilles Schetagne","description":"&nbsp; In 1988, the year before I started working as a teacher, I'd put together a band called \"Schetagne.\" Yes, that's rather strange to name a group by the la"},"footnotes":""},"class_list":["post-698","page","type-page","status-publish","hentry"],"_links":{"self":[{"href":"https:\/\/www.gillesschetagne.com\/index.php?rest_route=\/wp\/v2\/pages\/698","targetHints":{"allow":["GET"]}}],"collection":[{"href":"https:\/\/www.gillesschetagne.com\/index.php?rest_route=\/wp\/v2\/pages"}],"about":[{"href":"https:\/\/www.gillesschetagne.com\/index.php?rest_route=\/wp\/v2\/types\/page"}],"author":[{"embeddable":true,"href":"https:\/\/www.gillesschetagne.com\/index.php?rest_route=\/wp\/v2\/users\/1"}],"replies":[{"embeddable":true,"href":"https:\/\/www.gillesschetagne.com\/index.php?rest_route=%2Fwp%2Fv2%2Fcomments&post=698"}],"version-history":[{"count":6,"href":"https:\/\/www.gillesschetagne.com\/index.php?rest_route=\/wp\/v2\/pages\/698\/revisions"}],"predecessor-version":[{"id":840,"href":"https:\/\/www.gillesschetagne.com\/index.php?rest_route=\/wp\/v2\/pages\/698\/revisions\/840"}],"wp:attachment":[{"href":"https:\/\/www.gillesschetagne.com\/index.php?rest_route=%2Fwp%2Fv2%2Fmedia&parent=698"}],"curies":[{"name":"wp","href":"https:\/\/api.w.org\/{rel}","templated":true}]}}