{"id":958,"date":"2021-09-26T10:03:51","date_gmt":"2021-09-26T14:03:51","guid":{"rendered":"https:\/\/www.gillesschetagne.com\/?page_id=958"},"modified":"2021-10-02T17:24:28","modified_gmt":"2021-10-02T21:24:28","slug":"oriprog","status":"publish","type":"page","link":"https:\/\/www.gillesschetagne.com\/?page_id=958","title":{"rendered":"Horiprog"},"content":{"rendered":"\n<div class=\"wp-block-group\"><div class=\"wp-block-group__inner-container is-layout-flow wp-block-group-is-layout-flow\">\n<div class=\"wp-block-columns is-layout-flex wp-container-core-columns-is-layout-9d6595d7 wp-block-columns-is-layout-flex\">\n<div class=\"wp-block-column is-layout-flow wp-block-column-is-layout-flow\">\n<p class=\"has-small-font-size\">Au niveau musical, ce projet se voulait un peu intr\u00e9pide.&nbsp; Au d\u00e9part, je pensais que j\u2019irais vers le rock progressif et j\u2019avais envie d\u2019utiliser tous les moyens techniques pour y arriver et finalement, j\u2019ai atterri ailleurs.&nbsp; O\u00f9?&nbsp; Je ne sais pas trop\u2026<\/p>\n\n\n\n<p class=\"has-small-font-size\">Bien qu\u2019il y ait eu des grands moments de doute et de longues p\u00e9riodes o\u00f9 rien n\u2019avan\u00e7ait, je me suis amus\u00e9 \u00e0 travailler fort.&nbsp; En fait, je n\u2019avais aucune date d\u2019\u00e9ch\u00e9ance et j\u2019ai commenc\u00e9 trois projets totalement diff\u00e9rents en m\u00eame temps au mois de mars 2014 et j\u2019ai termin\u00e9 la musique Horiprog en juin 2021.<\/p>\n\n\n\n<p class=\"has-small-font-size\">J\u2019ai commenc\u00e9 le tout allong\u00e9 sur une chaise longue ou assis les pieds dans le sable devant le soleil au son des vagues de la mer.&nbsp; Crayon et papier en mains, durant douze jours, j\u2019ai dessin\u00e9 des rythmes quotidiennement diff\u00e9rents.&nbsp; J\u2019ai imagin\u00e9 un A et parfois un B et quelques fois un C \u00e0 chaque jour.<\/p>\n<\/div>\n\n\n\n<div class=\"wp-block-column is-layout-flow wp-block-column-is-layout-flow\">\n<p class=\"has-small-font-size\">L\u2019ann\u00e9e suivante, je suis retourn\u00e9 en vacances et l\u00e0, j\u2019ai ajout\u00e9 des suites de degr\u00e9s et des tonalit\u00e9s pour chaque journ\u00e9e qui deviendront ainsi 12 pi\u00e8ces instrumentales.<\/p>\n\n\n\n<p class=\"has-small-font-size\">&nbsp;&nbsp;Tranquillement, au fil des ann\u00e9es, j\u2019ai ajout\u00e9 les m\u00e9lodies sur papier ou durant les hivers je me suis amus\u00e9 \u00e0 enregistrer la batterie, la basse et un autre instrument pour les accords pour finalement y ajouter la m\u00e9lodie et les contre-chants\u2026tout \u00e7a avec des instruments virtuels sauf la batterie et les percussions.<\/p>\n\n\n\n<p class=\"has-small-font-size\">L\u2019\u00e9criture et la conception de ce projet se sont fait en grande partie pass\u00e9es dans un climat ensoleill\u00e9 et rempli de d\u00e9tente.&nbsp; Toutefois, l\u2019enregistrement, les arrangements, le mixage et le matri\u00e7age ont \u00e9t\u00e9 tr\u00e8s laborieux.<\/p>\n<\/div>\n<\/div>\n<\/div><\/div>\n\n\n\n<div class=\"wp-block-columns are-vertically-aligned-top is-layout-flex wp-container-core-columns-is-layout-9d6595d7 wp-block-columns-is-layout-flex\">\n<div class=\"wp-block-column is-vertically-aligned-top is-layout-flow wp-block-column-is-layout-flow\">\n<p class=\"has-text-align-center\">Un<\/p>\n\n\n\n<p class=\"has-text-align-center\">Dos<\/p>\n\n\n\n<p class=\"has-text-align-center\">Drei<\/p>\n\n\n\n<p class=\"has-text-align-center\">Si<\/p>\n\n\n\n<p class=\"has-text-align-center\">Shi<\/p>\n\n\n\n<p class=\"has-text-align-center\">Kuusi<\/p>\n<\/div>\n\n\n\n<div class=\"wp-block-column is-vertically-aligned-top is-layout-flow wp-block-column-is-layout-flow\">\n<p class=\"has-text-align-center\">Sette<\/p>\n\n\n\n<p class=\"has-text-align-center\">Thamanuya<\/p>\n\n\n\n<p class=\"has-text-align-center\">Isishiyagalonbili<\/p>\n\n\n\n<p class=\"has-text-align-center\"><a href=\"https:\/\/www.gillesschetagne.com\/?page_id=967\" data-type=\"page\" data-id=\"967\">Ten<\/a><\/p>\n\n\n\n<p class=\"has-text-align-center\"><a href=\"https:\/\/www.gillesschetagne.com\/?page_id=970\" data-type=\"page\" data-id=\"970\">Elleve<\/a><\/p>\n\n\n\n<p class=\"has-text-align-center\">Duodecim<\/p>\n<\/div>\n<\/div>\n","protected":false},"excerpt":{"rendered":"<p>Au niveau musical, ce projet se voulait un peu intr\u00e9pide.&nbsp; Au d\u00e9part, je pensais que j\u2019irais vers le rock progressif et j\u2019avais envie d\u2019utiliser tous les moyens techniques pour y arriver et finalement, j\u2019ai atterri ailleurs.&nbsp; O\u00f9?&nbsp; Je ne sais pas trop\u2026 Bien qu\u2019il y ait eu des grands moments de doute et de longues [&hellip;]<\/p>\n","protected":false},"author":11,"featured_media":0,"parent":0,"menu_order":0,"comment_status":"closed","ping_status":"closed","template":"","meta":{"slim_seo":{"description":"prog, Gilles Schetagne, music, musique, original, progressive, jazz, instrumental","title":"Horiprog - Le site officiel de Gilles Schetagne"},"footnotes":""},"class_list":["post-958","page","type-page","status-publish","hentry"],"_links":{"self":[{"href":"https:\/\/www.gillesschetagne.com\/index.php?rest_route=\/wp\/v2\/pages\/958","targetHints":{"allow":["GET"]}}],"collection":[{"href":"https:\/\/www.gillesschetagne.com\/index.php?rest_route=\/wp\/v2\/pages"}],"about":[{"href":"https:\/\/www.gillesschetagne.com\/index.php?rest_route=\/wp\/v2\/types\/page"}],"author":[{"embeddable":true,"href":"https:\/\/www.gillesschetagne.com\/index.php?rest_route=\/wp\/v2\/users\/11"}],"replies":[{"embeddable":true,"href":"https:\/\/www.gillesschetagne.com\/index.php?rest_route=%2Fwp%2Fv2%2Fcomments&post=958"}],"version-history":[{"count":6,"href":"https:\/\/www.gillesschetagne.com\/index.php?rest_route=\/wp\/v2\/pages\/958\/revisions"}],"predecessor-version":[{"id":1006,"href":"https:\/\/www.gillesschetagne.com\/index.php?rest_route=\/wp\/v2\/pages\/958\/revisions\/1006"}],"wp:attachment":[{"href":"https:\/\/www.gillesschetagne.com\/index.php?rest_route=%2Fwp%2Fv2%2Fmedia&parent=958"}],"curies":[{"name":"wp","href":"https:\/\/api.w.org\/{rel}","templated":true}]}}