{"id":1028,"date":"2021-10-23T12:20:09","date_gmt":"2021-10-23T16:20:09","guid":{"rendered":"https:\/\/www.gillesschetagne.com\/?post_type=product&#038;p=1028"},"modified":"2021-10-26T18:35:31","modified_gmt":"2021-10-26T22:35:31","slug":"horiprog-album-complet-complete-album","status":"publish","type":"product","link":"https:\/\/www.gillesschetagne.com\/?product=horiprog-album-complet-complete-album","title":{"rendered":"Horiprog &#8211; album complet\/complete album"},"content":{"rendered":"<p>Je suis parti allong\u00e9 sur une chaise longue ou assis les pieds dans le sable devant le soleil au son des vagues de la mer. Crayon et papier en mains, durant douze jours, j\u2019ai dessin\u00e9 des rythmes quotidiennement diff\u00e9rents. J\u2019ai imagin\u00e9 un A et parfois un B et quelques fois un C \u00e0 chaque jour.<\/p>\n<p>Les trois premiers jours, il n\u2019y avait que deux notes. En fait, c\u2019\u00e9tait la grosse et la petite caisse. Rendu aux quatri\u00e8me et cinqui\u00e8me journ\u00e9es j\u2019ai ajout\u00e9 une troisi\u00e8me note qui \u00e9tait bien s\u00fbr le hi hat (cymbales \u00e0 pied). Et puis, c\u2019est devenu changeant jusqu\u2019\u00e0 la douzi\u00e8me journ\u00e9e. Quelques fois il n\u2019y avait qu\u2019une seule note.<\/p>\n<p>Lorsque j\u2019suis revenu \u00e0 la maison apr\u00e8s les vacances, et, que j\u2019ai voulu interpr\u00e9ter les rythmes que j\u2019avais \u00e9crits, j\u2019ai eu toute une surprise. \u00c9videmment j\u2019utilisais ma batterie pour \u00e7a et ce qui avait l\u2019air si facile \u00e0 la plage, \u00e9tait face \u00e0 ma batterie tr\u00e8s complexe.<\/p>\n<p>D\u2019abord ceux qui \u00e9taient \u00e9crits sur une ligne ne me fournissaient pas assez d\u2019information pour que je puisse y aller all\u00e8grement et cr\u00e9er quelque chose d\u2019int\u00e9ressant. Et ceux qui \u00e9taient bien \u00e9crits \u00e9taient trop difficiles pour moi qui ne poss\u00e9dais pas la technique voulue pour pouvoir les jouer convenablement. Inutile d\u2019\u00e9crire que j\u2019ai travaill\u00e9 tr\u00e8s fort pour y arriver et j\u2019ai d\u00fb simplifier plusieurs fois et ralentir les tempos que j\u2019avais choisis au d\u00e9part.<\/p>\n<p>&nbsp;<\/p>\n<p>&#8211; ENGLISH &#8211;<\/p>\n<p>I wast lying on a lounge chair or sat with my feet in the sand, in the sun, to the sound of the sea waves. Pencil and paper in hand, for twelve days, I drew different rhythms every day. I imagined an A and sometimes a B and a few times a C every day.<\/p>\n<p>The first three days, there were only two notes. In fact, it was the bass drum and snare. On the fourth and fifth day, I added a third note which was of course the hi hat (foot cymbals). And then, it got changing until day 12. Sometimes, there was only one note.<\/p>\n<p>When I came home from the holidays, and wanted to perform the rhythms I had written, I was quite surprised. Obviously, I was using my drums for that and what looked so easy at the beach, was, sitting at the drum set, very complex.<\/p>\n<p>First, the ones that were written on only one line didn&#8217;t give me enough information for me to go out there and happily create something interesting. And those that were well written, were too difficult for me (who didn&#8217;t have the desired technique) to be able to play them properly. Needless to say, I worked really hard to get there and had to simplify it a few times and slow down the tempos I had chosen at the beginning.<\/p>\n<p>\u00c9CHANTILLONS AUDIO \/ AUDIO SAMPLES<\/p>\n<p>1- UN<br \/>\n<audio title=\"UN\" src=\"https:\/\/www.gillesschetagne.com\/wp-content\/uploads\/2021\/10\/Un-sample.mp3\" controls=\"controls\"><\/audio><br \/>\n2- DOS<br \/>\n<audio title=\"DOS\" src=\"https:\/\/www.gillesschetagne.com\/wp-content\/uploads\/2021\/10\/Dos-sample.mp3\" controls=\"controls\"><\/audio><br \/>\n3- DREI<br \/>\n<audio title=\"DREI\" src=\"https:\/\/www.gillesschetagne.com\/wp-content\/uploads\/2021\/10\/Drei-sample.mp3\" controls=\"controls\"><\/audio><br \/>\n4- SI<br \/>\n<audio title=\"SI\" src=\"https:\/\/www.gillesschetagne.com\/wp-content\/uploads\/2021\/10\/Si-sample.mp3\" controls=\"controls\"><\/audio><br \/>\n5- SHI<br \/>\n<audio title=\"SHI\" src=\"https:\/\/www.gillesschetagne.com\/wp-content\/uploads\/2021\/10\/Shi-sample.mp3\" controls=\"controls\"><\/audio><br \/>\n6- KUUSI<br \/>\n<audio title=\"KUUSI\" src=\"https:\/\/www.gillesschetagne.com\/wp-content\/uploads\/2021\/10\/Kuusi-sample.mp3\" controls=\"controls\"><\/audio><br \/>\n7- SETTE<br \/>\n<audio title=\"SETTE\" src=\"https:\/\/www.gillesschetagne.com\/wp-content\/uploads\/2021\/10\/Sette-sample.mp3\" controls=\"controls\"><\/audio><br \/>\n8- THAMANIYA<br \/>\n<audio title=\"TAMANIYA\" src=\"https:\/\/www.gillesschetagne.com\/wp-content\/uploads\/2021\/10\/Thamaniya-sample.mp3\" controls=\"controls\"><\/audio><br \/>\n9- ISISHIYAGALONBILI<br \/>\n<audio title=\"isishi\" src=\"https:\/\/www.gillesschetagne.com\/wp-content\/uploads\/2021\/10\/Isishiyagalombili-sample.mp3\" controls=\"controls\"><\/audio><br \/>\n10- TEN<br \/>\n<audio title=\"TEN\" src=\"https:\/\/www.gillesschetagne.com\/wp-content\/uploads\/2021\/10\/Ten-sample.mp3\" controls=\"controls\"><\/audio><br \/>\n11- ELLEVE<br \/>\n<audio title=\"ELLEVE\" src=\"https:\/\/www.gillesschetagne.com\/wp-content\/uploads\/2021\/10\/Elleve-sample.mp3\" controls=\"controls\"><\/audio><br \/>\n12- DUODECIM<br \/>\n<audio title=\"DUODECIM\" src=\"https:\/\/www.gillesschetagne.com\/wp-content\/uploads\/2021\/10\/Duodecim-sample.mp3\" controls=\"controls\"><\/audio><\/p>\n","protected":false},"excerpt":{"rendered":"<p>Je suis parti allong\u00e9 sur une chaise longue ou assis les pieds dans le sable devant le soleil au son des vagues de la mer. Crayon et papier en mains, durant douze jours, j\u2019ai dessin\u00e9 des rythmes quotidiennement diff\u00e9rents. J\u2019ai imagin\u00e9 un A et parfois un B et quelques fois un C \u00e0 chaque jour. [&hellip;]<\/p>\n","protected":false},"featured_media":1027,"comment_status":"open","ping_status":"closed","template":"","meta":{"slim_seo":{"description":"Musique, music, rock, prog, Gilles Schetagne, batterie, drums, instrumental,","title":"Horiprog - album complet\/complete album - Le site officiel de Gilles Schetagne"}},"product_brand":[],"product_cat":[58],"product_tag":[],"class_list":{"0":"post-1028","1":"product","2":"type-product","3":"status-publish","4":"has-post-thumbnail","6":"product_cat-horiprog","8":"first","9":"instock","10":"downloadable","11":"virtual","12":"purchasable","13":"product-type-simple"},"_links":{"self":[{"href":"https:\/\/www.gillesschetagne.com\/index.php?rest_route=\/wp\/v2\/product\/1028","targetHints":{"allow":["GET"]}}],"collection":[{"href":"https:\/\/www.gillesschetagne.com\/index.php?rest_route=\/wp\/v2\/product"}],"about":[{"href":"https:\/\/www.gillesschetagne.com\/index.php?rest_route=\/wp\/v2\/types\/product"}],"replies":[{"embeddable":true,"href":"https:\/\/www.gillesschetagne.com\/index.php?rest_route=%2Fwp%2Fv2%2Fcomments&post=1028"}],"wp:featuredmedia":[{"embeddable":true,"href":"https:\/\/www.gillesschetagne.com\/index.php?rest_route=\/wp\/v2\/media\/1027"}],"wp:attachment":[{"href":"https:\/\/www.gillesschetagne.com\/index.php?rest_route=%2Fwp%2Fv2%2Fmedia&parent=1028"}],"wp:term":[{"taxonomy":"product_brand","embeddable":true,"href":"https:\/\/www.gillesschetagne.com\/index.php?rest_route=%2Fwp%2Fv2%2Fproduct_brand&post=1028"},{"taxonomy":"product_cat","embeddable":true,"href":"https:\/\/www.gillesschetagne.com\/index.php?rest_route=%2Fwp%2Fv2%2Fproduct_cat&post=1028"},{"taxonomy":"product_tag","embeddable":true,"href":"https:\/\/www.gillesschetagne.com\/index.php?rest_route=%2Fwp%2Fv2%2Fproduct_tag&post=1028"}],"curies":[{"name":"wp","href":"https:\/\/api.w.org\/{rel}","templated":true}]}}