{"id":1057,"date":"2021-11-21T15:10:40","date_gmt":"2021-11-21T20:10:40","guid":{"rendered":"https:\/\/www.gillesschetagne.com\/?post_type=product&#038;p=1057"},"modified":"2021-11-21T16:37:40","modified_gmt":"2021-11-21T21:37:40","slug":"popine-blouse-album-complet-complete-album","status":"publish","type":"product","link":"https:\/\/www.gillesschetagne.com\/?product=popine-blouse-album-complet-complete-album","title":{"rendered":"Popine Blouse &#8211; Album Complet \/ Complete Album"},"content":{"rendered":"<p>Encore un projet qui a commenc\u00e9 couch\u00e9 dans une chaise longue au soleil avec quelques fois les pieds dans l\u2019sable au son des vagues qui fracassent les coraux au loin.  Papier, crayon en main, avec la t\u00eate perdue dans le ciel bleu m\u00e9lang\u00e9 de nuages.<\/p>\n<p>J\u2019ai \u00e9crit des mots sans avoir de th\u00e8me.  12 journ\u00e9es diff\u00e9rentes en prenant soin chaque jour de ne pas utiliser les m\u00eames mots.  L\u2019ann\u00e9e d\u2019apr\u00e8s, je suis revenu en vacances et j\u2019ai fait des phrases avec les mots de chacune des journ\u00e9es et j\u2019ai structur\u00e9 \u00e7a en paragraphe dans le but d\u2019en faire des couplets et des refrains.<\/p>\n<p>J\u2019ai ensuite travaill\u00e9 en \u00e9quipe avec moi-m\u00eame.  Au moyen d\u2019une petite enregistreuse j\u2019ai capt\u00e9 des m\u00e9lodies que j\u2019ai chant\u00e9es  au moins pour les d\u00e9buts de paragraphe.  Revenu \u00e0 la maison, au moyen d\u2019un piano \u00e9lectrique, j\u2019ai continu\u00e9 les m\u00e9lodies et trouv\u00e9 des accords que je trouvais appropri\u00e9s.<\/p>\n<p>Ensuite, c\u2019est le travail de studio habituel qui a commenc\u00e9 en enregistrant presque toujours la batterie en premier.  Il y a mes amis Vincent Langlois, au piano \u00e9lectrique, et \u00c9ric Morel \u00e0 la basse, avec moi \u00e0 la batterie  qui sont venu faire la chanson \u00ab Alors quoi \u00bb.  \u00c9ric a aussi fait la basse dans \u00ab Popine huit \u00bb, \u00ab M\u00eame pas \u00bb et aussi la basse et la guitare dans \u00ab Chaud \u00bb.<\/p>\n<p>Les textes sont plut\u00f4t loufoques et c\u2019est la raison pour laquelle j\u2019ai pens\u00e9 recruter les personnages qui sont devenus avec le temps des grands complices de l\u2019oncle Gilles.  <\/p>\n<p>Encore un projet qui s\u2019est finalis\u00e9 durant la pand\u00e9mie qui n\u2019en finit plus de commencer en 2021.  C\u2019est un besoin de rire qui m\u2019a pouss\u00e9 \u00e0 r\u00e9aliser tout \u00e7a avec l\u2019\u00e9troite collaboration d\u2019\u00c9ric Morel pour les vid\u00e9os.<\/p>\n<p>(English)<\/p>\n<p>Another project that began lying in the sun, on a lounge chair, with my feet in the sand, to the sound of the waves breaking the corals in the distance. Pencil and paper in hand, with my head lost in the cloudy blue sky.<\/p>\n<p>I wrote words without having a theme; during 12 different days, taking care not to use the same words each day. One year later, I came back on vacation with these words, made up sentences  and structured that into paragraphs with the purpose of organizing them into verses and choruses.<\/p>\n<p>I then worked as a team with myself. Using a small recorder, I recorded some melodies that I sang at least for the beginning of each paragraph. Back home, using an electric piano, I structured the melodies and found chords that were appropriate.<\/p>\n<p>Then, it was the usual studio work that almost always begins by recording the drums first. My friends Vincent Langlois, on electric piano, and Eric Morel on bass, along with me on drums, came to do the song \u201cAlors quoi?\u201d. Eric also did the bass in &#8220;Popine huit&#8221;, &#8220;M\u00eame pas&#8221;, and  the bass and guitar in &#8220;Chaud&#8221;.<\/p>\n<p>The lyrics are a bit zany and far out;  that&#8217;s why I thought about recruiting the characters who over time have become great accomplices to Uncle Gilles. <\/p>\n<p>Another project that was finalized during the pandemic which hasn&#8217;t stop, still in 2021. It&#8217;s the need to laugh that pushed me to achieve all of this, with the close collaboration of Eric Morel for the videos .<\/p>\n<ol>\n<li>Un CD<audio style=\"margin-left: 60px;\" title=\"Un_CD\" src=\"https:\/\/www.gillesschetagne.com\/wp-content\/uploads\/2021\/11\/01-Un-CD_sample.mp3\" controls=\"controls\"><\/audio><\/li>\n<li>Pinote<audio style=\"margin-left: 61px;\" title=\"Pinote\" src=\"https:\/\/www.gillesschetagne.com\/wp-content\/uploads\/2021\/11\/02-Pinote_sample.mp3\" controls=\"controls\"><\/audio><\/li>\n<li>Superflu<audio style=\"margin-left: 50px;\" title=\"Superflu\" src=\"https:\/\/www.gillesschetagne.com\/wp-content\/uploads\/2021\/11\/03-Superflu_sample.mp3\" controls=\"controls\"><\/audio><\/li>\n<li>Coquillages<audio style=\"margin-left: 30px;\" title=\"Coquillages\" src=\"https:\/\/www.gillesschetagne.com\/wp-content\/uploads\/2021\/11\/04-Coquillages_sample.mp3\" controls=\"controls\"><\/audio><\/li>\n<li>R\u00e9serv\u00e9<audio style=\"margin-left: 50px;\" title=\"Reserve\" src=\"https:\/\/www.gillesschetagne.com\/wp-content\/uploads\/2021\/11\/05-Reserves_sample.mp3\" controls=\"controls\"><\/audio><\/li>\n<li>Danse<audio style=\"margin-left: 60px;\" title=\"Danse\" src=\"https:\/\/www.gillesschetagne.com\/wp-content\/uploads\/2021\/11\/06-Danse_sample.mp3\" controls=\"controls\"><\/audio><\/li>\n<li>Alors quoi?<audio style=\"margin-left: 31px;\" title=\"Alors_quoi\" src=\"https:\/\/www.gillesschetagne.com\/wp-content\/uploads\/2021\/11\/07-Alors-quoi_sample.mp3\" controls=\"controls\"><\/audio><\/li>\n<li>Popine huit<audio style=\"margin-left: 31px;\" title=\"Popine_huit\" src=\"https:\/\/www.gillesschetagne.com\/wp-content\/uploads\/2021\/11\/08-Popine-huit_sample.mp3\" controls=\"controls\"><\/audio><\/li>\n<li>Doux caf\u00e9<audio style=\"margin-left: 38px;\" title=\"Doux_caf\u00e9\" src=\"https:\/\/www.gillesschetagne.com\/wp-content\/uploads\/2021\/11\/09-Doux-cafe_sample.mp3\" controls=\"controls\"><\/audio><\/li>\n<li>Incontr\u00f4lable<audio style=\"margin-left: 20px;\" title=\"Incontrolable\" src=\"https:\/\/www.gillesschetagne.com\/wp-content\/uploads\/2021\/11\/10-Incontrolable_sample.mp3\" controls=\"controls\"><\/audio><\/li>\n<li>Chaud<audio style=\"margin-left: 61px;\" title=\"Chaud\" src=\"https:\/\/www.gillesschetagne.com\/wp-content\/uploads\/2021\/11\/11-Chaud_sample.mp3\" controls=\"controls\"><\/audio><\/li>\n<li>M\u00eame pas<audio style=\"margin-left: 36px;\" title=\"Meme_pas\" src=\"https:\/\/www.gillesschetagne.com\/wp-content\/uploads\/2021\/11\/12-Meme-pas_sample.mp3\" controls=\"controls\"><\/audio><\/li>\n<\/ol>\n","protected":false},"excerpt":{"rendered":"<p>Encore un projet qui a commenc\u00e9 couch\u00e9 dans une chaise longue au soleil avec quelques fois les pieds dans l\u2019sable au son des vagues qui fracassent les coraux au loin. Papier, crayon en main, avec la t\u00eate perdue dans le ciel bleu m\u00e9lang\u00e9 de nuages. J\u2019ai \u00e9crit des mots sans avoir de th\u00e8me. 12 journ\u00e9es [&hellip;]<\/p>\n","protected":false},"featured_media":1044,"comment_status":"open","ping_status":"closed","template":"","meta":{"slim_seo":{"description":"Gilles Schetagne, pop, blues, amusant, funny, drums, batterie, percussion","title":"Popine Blouse - Album Complet \/ Complete Album - Le site officiel de Gilles Schetagne"}},"product_brand":[],"product_cat":[59],"product_tag":[],"class_list":{"0":"post-1057","1":"product","2":"type-product","3":"status-publish","4":"has-post-thumbnail","6":"product_cat-popine-blouse","8":"first","9":"instock","10":"downloadable","11":"virtual","12":"purchasable","13":"product-type-simple"},"_links":{"self":[{"href":"https:\/\/www.gillesschetagne.com\/index.php?rest_route=\/wp\/v2\/product\/1057","targetHints":{"allow":["GET"]}}],"collection":[{"href":"https:\/\/www.gillesschetagne.com\/index.php?rest_route=\/wp\/v2\/product"}],"about":[{"href":"https:\/\/www.gillesschetagne.com\/index.php?rest_route=\/wp\/v2\/types\/product"}],"replies":[{"embeddable":true,"href":"https:\/\/www.gillesschetagne.com\/index.php?rest_route=%2Fwp%2Fv2%2Fcomments&post=1057"}],"wp:featuredmedia":[{"embeddable":true,"href":"https:\/\/www.gillesschetagne.com\/index.php?rest_route=\/wp\/v2\/media\/1044"}],"wp:attachment":[{"href":"https:\/\/www.gillesschetagne.com\/index.php?rest_route=%2Fwp%2Fv2%2Fmedia&parent=1057"}],"wp:term":[{"taxonomy":"product_brand","embeddable":true,"href":"https:\/\/www.gillesschetagne.com\/index.php?rest_route=%2Fwp%2Fv2%2Fproduct_brand&post=1057"},{"taxonomy":"product_cat","embeddable":true,"href":"https:\/\/www.gillesschetagne.com\/index.php?rest_route=%2Fwp%2Fv2%2Fproduct_cat&post=1057"},{"taxonomy":"product_tag","embeddable":true,"href":"https:\/\/www.gillesschetagne.com\/index.php?rest_route=%2Fwp%2Fv2%2Fproduct_tag&post=1057"}],"curies":[{"name":"wp","href":"https:\/\/api.w.org\/{rel}","templated":true}]}}