{"id":67,"date":"2014-09-30T19:56:08","date_gmt":"2014-09-30T23:56:08","guid":{"rendered":"http:\/\/www.gillesschetagne.com\/shop\/?post_type=product&#038;p=67"},"modified":"2016-10-09T23:22:20","modified_gmt":"2016-10-10T03:22:20","slug":"octobre-october","status":"publish","type":"product","link":"https:\/\/www.gillesschetagne.com\/?product=octobre-october","title":{"rendered":"Octobre \/October"},"content":{"rendered":"<p>Dur\u00e9e \/ Duration: 2:29<br \/>\n&nbsp;<br \/>\nExtrait<br \/>\n<audio source src=\"music\/mp3samples\/octobre extrait.mp3\"type=\"audio\/mpeg\" controls title=\"Octobre\"><br \/>\n&nbsp;<br \/>\nCommenc\u00e9e d\u2019abord en 2009, la pi\u00e8ce Octobre en LA dans un tempo de 132 \u00e0 la noire m\u2019a donn\u00e9 du fil \u00e0 retordre \u00e0 cause de cette intro que j\u2019avais \u00e9crite sur papier.<\/p>\n<p>C\u2019est curieux comme il arrive parfois que nous entendions quelque chose dans notre t\u00eate qui semble ais\u00e9e mais qui peut \u00eatre tant difficile \u00e0 rendre dans la r\u00e9alit\u00e9.  Parfois, \u00e7a peut-\u00eatre le contraire.<\/p>\n<p>J\u2019ai r\u00e9 essay\u00e9 en 2010 et puis, ce n\u2019est qu\u2019en 2012 que j\u2019y suis arriv\u00e9.<\/p>\n<p>Il y a 10 pistes de batterie, une basse, 2 pianos, 2 synth\u00e9s pour les m\u00e9lodies avec des brass et un marimba.  Il y a aussi des timbales dans l\u2019intro.  J\u2019ai finalement fait un mixage de la pi\u00e8ce en 2013.<\/p>\n","protected":false},"excerpt":{"rendered":"<p>Dur\u00e9e \/ Duration: 2:29 &nbsp; Extrait &nbsp; Commenc\u00e9e d\u2019abord en 2009, la pi\u00e8ce Octobre en LA dans un tempo de 132 \u00e0 la noire m\u2019a donn\u00e9 du fil \u00e0 retordre \u00e0 cause de cette intro que j\u2019avais \u00e9crite sur papier. C\u2019est curieux comme il arrive parfois que nous entendions quelque chose dans notre t\u00eate qui [&hellip;]<\/p>\n","protected":false},"featured_media":128,"comment_status":"open","ping_status":"closed","template":"","meta":{"slim_seo":{"title":"Octobre \/October - Le site officiel de Gilles Schetagne","description":"Dur\u00e9e \/ Duration: 2:29 &nbsp; Extrait &nbsp; Commenc\u00e9e d\u2019abord en 2009, la pi\u00e8ce Octobre en LA dans un tempo de 132 \u00e0 la noire m\u2019a donn\u00e9 du fil \u00e0 retordre \u00e0 cau"}},"product_brand":[],"product_cat":[7],"product_tag":[],"class_list":{"0":"post-67","1":"product","2":"type-product","3":"status-publish","4":"has-post-thumbnail","6":"product_cat-les-12-mois-the-12-months-of-the-year","8":"first","9":"instock","10":"downloadable","11":"virtual","12":"purchasable","13":"product-type-simple"},"_links":{"self":[{"href":"https:\/\/www.gillesschetagne.com\/index.php?rest_route=\/wp\/v2\/product\/67","targetHints":{"allow":["GET"]}}],"collection":[{"href":"https:\/\/www.gillesschetagne.com\/index.php?rest_route=\/wp\/v2\/product"}],"about":[{"href":"https:\/\/www.gillesschetagne.com\/index.php?rest_route=\/wp\/v2\/types\/product"}],"replies":[{"embeddable":true,"href":"https:\/\/www.gillesschetagne.com\/index.php?rest_route=%2Fwp%2Fv2%2Fcomments&post=67"}],"wp:featuredmedia":[{"embeddable":true,"href":"https:\/\/www.gillesschetagne.com\/index.php?rest_route=\/wp\/v2\/media\/128"}],"wp:attachment":[{"href":"https:\/\/www.gillesschetagne.com\/index.php?rest_route=%2Fwp%2Fv2%2Fmedia&parent=67"}],"wp:term":[{"taxonomy":"product_brand","embeddable":true,"href":"https:\/\/www.gillesschetagne.com\/index.php?rest_route=%2Fwp%2Fv2%2Fproduct_brand&post=67"},{"taxonomy":"product_cat","embeddable":true,"href":"https:\/\/www.gillesschetagne.com\/index.php?rest_route=%2Fwp%2Fv2%2Fproduct_cat&post=67"},{"taxonomy":"product_tag","embeddable":true,"href":"https:\/\/www.gillesschetagne.com\/index.php?rest_route=%2Fwp%2Fv2%2Fproduct_tag&post=67"}],"curies":[{"name":"wp","href":"https:\/\/api.w.org\/{rel}","templated":true}]}}